{"id":5473,"date":"2024-04-10T21:05:45","date_gmt":"2024-04-10T21:05:45","guid":{"rendered":"https:\/\/kaanbalsuut.mx\/?page_id=5473"},"modified":"2024-04-10T21:10:57","modified_gmt":"2024-04-10T21:10:57","slug":"sesion-3-diversifica-tu-estrategia-de-financiamiento-2024","status":"publish","type":"page","link":"https:\/\/kaanbalsuut.mx\/en\/sesion-3-diversifica-tu-estrategia-de-financiamiento-2024\/","title":{"rendered":"Sesi\u00f3n 3 &#8211; Diversifica tu estrategia de financiamiento &#8211; 2024"},"content":{"rendered":"<div data-elementor-type=\"wp-page\" data-elementor-id=\"5473\" class=\"elementor elementor-5473\">\n\t\t\t\t\t\t<section class=\"elementor-section elementor-top-section elementor-element elementor-element-wo62cz2 elementor-section-content-middle elementor-section-boxed elementor-section-height-default elementor-section-height-default\" data-id=\"wo62cz2\" data-element_type=\"section\" data-e-type=\"section\" data-settings=\"{&quot;background_background&quot;:&quot;classic&quot;}\">\n\t\t\t\t\t\t<div class=\"elementor-container elementor-column-gap-no\">\n\t\t\t\t\t<div class=\"elementor-column elementor-col-100 elementor-top-column elementor-element elementor-element-2b10226\" data-id=\"2b10226\" data-element_type=\"column\" data-e-type=\"column\">\n\t\t\t<div class=\"elementor-widget-wrap elementor-element-populated\">\n\t\t\t\t\t\t<div class=\"elementor-element elementor-element-90d4b08 elementor-widget elementor-widget-elementskit-heading\" data-id=\"90d4b08\" data-element_type=\"widget\" data-e-type=\"widget\" data-widget_type=\"elementskit-heading.default\">\n\t\t\t\t<div class=\"elementor-widget-container\">\n\t\t\t\t\t<div class=\"ekit-wid-con\" ><div class=\"ekit-heading elementskit-section-title-wraper text_center   ekit_heading_tablet-   ekit_heading_mobile-\"><h2 class=\"ekit-heading--title elementskit-section-title\">Materiales de la sesi\u00f3n<\/h2><\/div><\/div>\t\t\t\t<\/div>\n\t\t\t\t<\/div>\n\t\t\t\t<div class=\"elementor-element elementor-element-3a307f7 elementor-widget elementor-widget-video\" data-id=\"3a307f7\" data-element_type=\"widget\" data-e-type=\"widget\" data-settings=\"{&quot;youtube_url&quot;:&quot;https:\\\/\\\/youtu.be\\\/oLlDujb--Yw&quot;,&quot;video_type&quot;:&quot;youtube&quot;,&quot;controls&quot;:&quot;yes&quot;}\" data-widget_type=\"video.default\">\n\t\t\t\t<div class=\"elementor-widget-container\">\n\t\t\t\t\t\t\t<div class=\"elementor-wrapper elementor-open-inline\">\n\t\t\t<div class=\"elementor-video\"><\/div>\t\t<\/div>\n\t\t\t\t\t\t<\/div>\n\t\t\t\t<\/div>\n\t\t\t\t\t<\/div>\n\t\t<\/div>\n\t\t\t\t\t<\/div>\n\t\t<\/section>\n\t\t\t\t<section class=\"elementor-section elementor-top-section elementor-element elementor-element-a13184c elementor-section-boxed elementor-section-height-default elementor-section-height-default\" data-id=\"a13184c\" data-element_type=\"section\" data-e-type=\"section\">\n\t\t\t\t\t\t<div class=\"elementor-container elementor-column-gap-default\">\n\t\t\t\t\t<div class=\"elementor-column elementor-col-33 elementor-top-column elementor-element elementor-element-16cdf28\" data-id=\"16cdf28\" data-element_type=\"column\" data-e-type=\"column\">\n\t\t\t<div class=\"elementor-widget-wrap elementor-element-populated\">\n\t\t\t\t\t\t<div class=\"elementor-element elementor-element-c7674c3 ekit-equal-height-disable elementor-widget elementor-widget-elementskit-icon-box\" data-id=\"c7674c3\" data-element_type=\"widget\" data-e-type=\"widget\" data-widget_type=\"elementskit-icon-box.default\">\n\t\t\t\t<div class=\"elementor-widget-container\">\n\t\t\t\t\t<div class=\"ekit-wid-con\" >        <!-- link opening -->\n                <a href=\"https:\/\/drive.google.com\/file\/d\/19LLjkqjJVj2dsWV80HzoZlmscjXVTH_l\/view?usp=drive_link\" target=\"_blank\" class=\"ekit_global_links\">\n                <!-- end link opening -->\n\n        <div class=\"elementskit-infobox text-center text-center icon-top-align elementor-animation-bob\">\n                    <div class=\"elementskit-box-header elementor-animation-\">\n                <div class=\"elementskit-info-box-icon\">\n                    <i aria-hidden=\"true\" class=\"elementkit-infobox-icon far fa-file-powerpoint\"><\/i>\n                <\/div>\n          <\/div>\n                        <div class=\"box-body\">\n                            <h3 class=\"elementskit-info-box-title\">\n                    Presentaci\u00f3n                <\/h3>\n                                            <\/div>\n        \n        \n                <\/div>\n                <\/a>\n        <\/div>\t\t\t\t<\/div>\n\t\t\t\t<\/div>\n\t\t\t\t\t<\/div>\n\t\t<\/div>\n\t\t\t\t<div class=\"elementor-column elementor-col-33 elementor-top-column elementor-element elementor-element-0312112\" data-id=\"0312112\" data-element_type=\"column\" data-e-type=\"column\">\n\t\t\t<div class=\"elementor-widget-wrap elementor-element-populated\">\n\t\t\t\t\t\t<div class=\"elementor-element elementor-element-2009e24 ekit-equal-height-disable elementor-widget elementor-widget-elementskit-icon-box\" data-id=\"2009e24\" data-element_type=\"widget\" data-e-type=\"widget\" data-widget_type=\"elementskit-icon-box.default\">\n\t\t\t\t<div class=\"elementor-widget-container\">\n\t\t\t\t\t<div class=\"ekit-wid-con\" >        <!-- link opening -->\n                <!-- end link opening -->\n\n        <div class=\"elementskit-infobox text-center text-center icon-top-align elementor-animation-bob\">\n                    <div class=\"elementskit-box-header elementor-animation-\">\n                <div class=\"elementskit-info-box-icon\">\n                    <i aria-hidden=\"true\" class=\"elementkit-infobox-icon fas fa-file-download\"><\/i>\n                <\/div>\n          <\/div>\n                        <div class=\"box-body\">\n                            <h3 class=\"elementskit-info-box-title\">\n                    Material complementario                <\/h3>\n                                            <\/div>\n        \n        \n                <\/div>\n        <\/div>\t\t\t\t<\/div>\n\t\t\t\t<\/div>\n\t\t\t\t<div class=\"elementor-element elementor-element-30a4c7d elementor-widget__width-initial elementor-align-start elementor-icon-list--layout-traditional elementor-list-item-link-full_width elementor-widget elementor-widget-icon-list\" data-id=\"30a4c7d\" data-element_type=\"widget\" data-e-type=\"widget\" data-widget_type=\"icon-list.default\">\n\t\t\t\t<div class=\"elementor-widget-container\">\n\t\t\t\t\t\t\t<ul class=\"elementor-icon-list-items\">\n\t\t\t\t\t\t\t<li class=\"elementor-icon-list-item\">\n\t\t\t\t\t\t\t\t\t\t\t<a href=\"https:\/\/drive.google.com\/file\/d\/1yzgoaUJdAeM1NaMR7hGUH3WDaxI6EZ3F\/view?usp=drive_link\" target=\"_blank\">\n\n\t\t\t\t\t\t\t\t\t\t\t\t<span class=\"elementor-icon-list-icon\">\n\t\t\t\t\t\t\t<i aria-hidden=\"true\" class=\"fas fa-pencil-alt\"><\/i>\t\t\t\t\t\t<\/span>\n\t\t\t\t\t\t\t\t\t\t<span class=\"elementor-icon-list-text\">Canva Product Market Fit<\/span>\n\t\t\t\t\t\t\t\t\t\t\t<\/a>\n\t\t\t\t\t\t\t\t\t<\/li>\n\t\t\t\t\t\t\t\t<li class=\"elementor-icon-list-item\">\n\t\t\t\t\t\t\t\t\t\t\t<a href=\"https:\/\/drive.google.com\/file\/d\/1Z9sojOvlDu3vZjvfpznse-FUY9dmohix\/view?usp=drive_link\" target=\"_blank\">\n\n\t\t\t\t\t\t\t\t\t\t\t\t<span class=\"elementor-icon-list-icon\">\n\t\t\t\t\t\t\t<i aria-hidden=\"true\" class=\"fas fa-pencil-alt\"><\/i>\t\t\t\t\t\t<\/span>\n\t\t\t\t\t\t\t\t\t\t<span class=\"elementor-icon-list-text\">Video explicativo de plantilla negocio social<\/span>\n\t\t\t\t\t\t\t\t\t\t\t<\/a>\n\t\t\t\t\t\t\t\t\t<\/li>\n\t\t\t\t\t\t\t\t<li class=\"elementor-icon-list-item\">\n\t\t\t\t\t\t\t\t\t\t\t<a href=\"https:\/\/docs.google.com\/presentation\/d\/1ezIwW7RpOX_iQiqQUpWZTrk8r23RvWpP\/edit?usp=drive_link&#038;ouid=113377787279099985565&#038;rtpof=true&#038;sd=true\" target=\"_blank\">\n\n\t\t\t\t\t\t\t\t\t\t\t\t<span class=\"elementor-icon-list-icon\">\n\t\t\t\t\t\t\t<i aria-hidden=\"true\" class=\"fas fa-pencil-alt\"><\/i>\t\t\t\t\t\t<\/span>\n\t\t\t\t\t\t\t\t\t\t<span class=\"elementor-icon-list-text\">Canva de Negocio Social Editable<\/span>\n\t\t\t\t\t\t\t\t\t\t\t<\/a>\n\t\t\t\t\t\t\t\t\t<\/li>\n\t\t\t\t\t\t\t\t<li class=\"elementor-icon-list-item\">\n\t\t\t\t\t\t\t\t\t\t\t<a href=\"https:\/\/drive.google.com\/file\/d\/1jHZT8pDQW5VZ85DZivl1ifAATdx7TULG\/view?usp=drive_link\" target=\"_blank\">\n\n\t\t\t\t\t\t\t\t\t\t\t\t<span class=\"elementor-icon-list-icon\">\n\t\t\t\t\t\t\t<i aria-hidden=\"true\" class=\"fas fa-pencil-alt\"><\/i>\t\t\t\t\t\t<\/span>\n\t\t\t\t\t\t\t\t\t\t<span class=\"elementor-icon-list-text\">Canva de Negocio Social Explicado<\/span>\n\t\t\t\t\t\t\t\t\t\t\t<\/a>\n\t\t\t\t\t\t\t\t\t<\/li>\n\t\t\t\t\t\t<\/ul>\n\t\t\t\t\t\t<\/div>\n\t\t\t\t<\/div>\n\t\t\t\t\t<\/div>\n\t\t<\/div>\n\t\t\t\t<div class=\"elementor-column elementor-col-33 elementor-top-column elementor-element elementor-element-f600671\" data-id=\"f600671\" data-element_type=\"column\" data-e-type=\"column\">\n\t\t\t<div class=\"elementor-widget-wrap elementor-element-populated\">\n\t\t\t\t\t\t<div class=\"elementor-element elementor-element-bfef2d7 ekit-equal-height-disable elementor-widget elementor-widget-elementskit-icon-box\" data-id=\"bfef2d7\" data-element_type=\"widget\" data-e-type=\"widget\" data-widget_type=\"elementskit-icon-box.default\">\n\t\t\t\t<div class=\"elementor-widget-container\">\n\t\t\t\t\t<div class=\"ekit-wid-con\" >        <!-- link opening -->\n                <!-- end link opening -->\n\n        <div class=\"elementskit-infobox text-center text-center icon-top-align elementor-animation-bob\">\n                    <div class=\"elementskit-box-header elementor-animation-\">\n                <div class=\"elementskit-info-box-icon\">\n                    <i aria-hidden=\"true\" class=\"elementkit-infobox-icon fas fa-pencil-alt\"><\/i>\n                <\/div>\n          <\/div>\n                        <div class=\"box-body\">\n                            <h3 class=\"elementskit-info-box-title\">\n                    Tarea                <\/h3>\n                                            <\/div>\n        \n        \n                <\/div>\n        <\/div>\t\t\t\t<\/div>\n\t\t\t\t<\/div>\n\t\t\t\t<div class=\"elementor-element elementor-element-e54cef5 elementor-widget__width-initial elementor-align-start elementor-icon-list--layout-traditional elementor-list-item-link-full_width elementor-widget elementor-widget-icon-list\" data-id=\"e54cef5\" data-element_type=\"widget\" data-e-type=\"widget\" data-widget_type=\"icon-list.default\">\n\t\t\t\t<div class=\"elementor-widget-container\">\n\t\t\t\t\t\t\t<ul class=\"elementor-icon-list-items\">\n\t\t\t\t\t\t\t<li class=\"elementor-icon-list-item\">\n\t\t\t\t\t\t\t\t\t\t\t<span class=\"elementor-icon-list-icon\">\n\t\t\t\t\t\t\t<i aria-hidden=\"true\" class=\"fas fa-pencil-alt\"><\/i>\t\t\t\t\t\t<\/span>\n\t\t\t\t\t\t\t\t\t\t<span class=\"elementor-icon-list-text\">Ajustar la propuesta de valor con lo visto en la sesi\u00f3n y volver a enviar a: frodriguez.afp@gmail.com<\/span>\n\t\t\t\t\t\t\t\t\t<\/li>\n\t\t\t\t\t\t\t\t<li class=\"elementor-icon-list-item\">\n\t\t\t\t\t\t\t\t\t\t\t<span class=\"elementor-icon-list-icon\">\n\t\t\t\t\t\t\t<i aria-hidden=\"true\" class=\"fas fa-pencil-alt\"><\/i>\t\t\t\t\t\t<\/span>\n\t\t\t\t\t\t\t\t\t\t<span class=\"elementor-icon-list-text\">Ver el v\u00eddeo<\/span>\n\t\t\t\t\t\t\t\t\t<\/li>\n\t\t\t\t\t\t\t\t<li class=\"elementor-icon-list-item\">\n\t\t\t\t\t\t\t\t\t\t\t<span class=\"elementor-icon-list-icon\">\n\t\t\t\t\t\t\t<i aria-hidden=\"true\" class=\"fas fa-pencil-alt\"><\/i>\t\t\t\t\t\t<\/span>\n\t\t\t\t\t\t\t\t\t\t<span class=\"elementor-icon-list-text\">Con base en el v\u00eddeo hacer el canvas de negocio social<\/span>\n\t\t\t\t\t\t\t\t\t<\/li>\n\t\t\t\t\t\t<\/ul>\n\t\t\t\t\t\t<\/div>\n\t\t\t\t<\/div>\n\t\t\t\t\t<\/div>\n\t\t<\/div>\n\t\t\t\t\t<\/div>\n\t\t<\/section>\n\t\t\t\t<section class=\"elementor-section elementor-top-section elementor-element elementor-element-42ebc25 elementor-section-boxed elementor-section-height-default elementor-section-height-default\" data-id=\"42ebc25\" data-element_type=\"section\" data-e-type=\"section\">\n\t\t\t\t\t\t<div class=\"elementor-container elementor-column-gap-default\">\n\t\t\t\t\t<div class=\"elementor-column elementor-col-100 elementor-top-column elementor-element elementor-element-6cceb84\" data-id=\"6cceb84\" data-element_type=\"column\" data-e-type=\"column\">\n\t\t\t<div class=\"elementor-widget-wrap elementor-element-populated\">\n\t\t\t\t\t\t<div class=\"elementor-element elementor-element-a036964 elementor-widget elementor-widget-spacer\" data-id=\"a036964\" data-element_type=\"widget\" data-e-type=\"widget\" data-widget_type=\"spacer.default\">\n\t\t\t\t<div class=\"elementor-widget-container\">\n\t\t\t\t\t\t\t<div class=\"elementor-spacer\">\n\t\t\t<div class=\"elementor-spacer-inner\"><\/div>\n\t\t<\/div>\n\t\t\t\t\t\t<\/div>\n\t\t\t\t<\/div>\n\t\t\t\t\t<\/div>\n\t\t<\/div>\n\t\t\t\t\t<\/div>\n\t\t<\/section>\n\t\t\t\t<\/div>","protected":false},"excerpt":{"rendered":"<p>Materiales de la sesi\u00f3n Presentaci\u00f3n Material complementario Canva Product Market Fit Video explicativo de plantilla negocio social Canva de Negocio Social Editable Canva de Negocio Social Explicado Tarea Ajustar la propuesta de valor con lo visto en la sesi\u00f3n y volver a enviar a: frodriguez.afp@gmail.com Ver el v\u00eddeo Con base en el v\u00eddeo hacer el &hellip;<\/p>\n<p class=\"read-more\"> <a class=\"\" href=\"https:\/\/kaanbalsuut.mx\/en\/sesion-3-diversifica-tu-estrategia-de-financiamiento-2024\/\"> <span class=\"screen-reader-text\">Sesi\u00f3n 3 &#8211; Diversifica tu estrategia de financiamiento &#8211; 2024<\/span> Read More &raquo;<\/a><\/p>","protected":false},"author":1,"featured_media":0,"parent":0,"menu_order":0,"comment_status":"closed","ping_status":"closed","template":"","meta":{"site-sidebar-layout":"no-sidebar","site-content-layout":"page-builder","ast-site-content-layout":"full-width-container","site-content-style":"unboxed","site-sidebar-style":"unboxed","ast-global-header-display":"","ast-banner-title-visibility":"","ast-main-header-display":"","ast-hfb-above-header-display":"","ast-hfb-below-header-display":"","ast-hfb-mobile-header-display":"","site-post-title":"disabled","ast-breadcrumbs-content":"","ast-featured-img":"disabled","footer-sml-layout":"","theme-transparent-header-meta":"","adv-header-id-meta":"","stick-header-meta":"","header-above-stick-meta":"","header-main-stick-meta":"","header-below-stick-meta":"","astra-migrate-meta-layouts":"set","ast-page-background-enabled":"default","ast-page-background-meta":{"desktop":{"background-color":"var(--ast-global-color-4)","background-image":"","background-repeat":"repeat","background-position":"center center","background-size":"auto","background-attachment":"scroll","background-type":"","background-media":"","overlay-type":"","overlay-color":"","overlay-gradient":""},"tablet":{"background-color":"","background-image":"","background-repeat":"repeat","background-position":"center center","background-size":"auto","background-attachment":"scroll","background-type":"","background-media":"","overlay-type":"","overlay-color":"","overlay-gradient":""},"mobile":{"background-color":"","background-image":"","background-repeat":"repeat","background-position":"center center","background-size":"auto","background-attachment":"scroll","background-type":"","background-media":"","overlay-type":"","overlay-color":"","overlay-gradient":""}},"ast-content-background-meta":{"desktop":{"background-color":"var(--ast-global-color-5)","background-image":"","background-repeat":"repeat","background-position":"center center","background-size":"auto","background-attachment":"scroll","background-type":"","background-media":"","overlay-type":"","overlay-color":"","overlay-gradient":""},"tablet":{"background-color":"var(--ast-global-color-5)","background-image":"","background-repeat":"repeat","background-position":"center center","background-size":"auto","background-attachment":"scroll","background-type":"","background-media":"","overlay-type":"","overlay-color":"","overlay-gradient":""},"mobile":{"background-color":"var(--ast-global-color-5)","background-image":"","background-repeat":"repeat","background-position":"center center","background-size":"auto","background-attachment":"scroll","background-type":"","background-media":"","overlay-type":"","overlay-color":"","overlay-gradient":""}},"footnotes":""},"class_list":["post-5473","page","type-page","status-publish","hentry"],"yoast_head":"<!-- This site is optimized with the Yoast SEO plugin v26.9 - https:\/\/yoast.com\/product\/yoast-seo-wordpress\/ -->\n<title>Sesi\u00f3n 3 - Diversifica tu estrategia de financiamiento - 2024 | Kaanbal Suut<\/title>\n<meta name=\"description\" content=\"Programa de Fortalecimiento de Capacidades Internas y Liderazgo para las Organizaciones de la Sociedad Civil en la Pen\u00ednsula de Yucat\u00e1n.\" \/>\n<meta name=\"robots\" content=\"index, follow, max-snippet:-1, max-image-preview:large, max-video-preview:-1\" \/>\n<link rel=\"canonical\" href=\"https:\/\/kaanbalsuut.mx\/en\/sesion-3-diversifica-tu-estrategia-de-financiamiento-2024\/\" \/>\n<meta property=\"og:locale\" content=\"en_US\" \/>\n<meta property=\"og:type\" content=\"article\" \/>\n<meta property=\"og:title\" content=\"Sesi\u00f3n 3 - Diversifica tu estrategia de financiamiento - 2024 | Kaanbal Suut\" \/>\n<meta property=\"og:description\" content=\"Programa de Fortalecimiento de Capacidades Internas y Liderazgo para las Organizaciones de la Sociedad Civil en la Pen\u00ednsula de Yucat\u00e1n.\" \/>\n<meta property=\"og:url\" content=\"https:\/\/kaanbalsuut.mx\/en\/sesion-3-diversifica-tu-estrategia-de-financiamiento-2024\/\" \/>\n<meta property=\"og:site_name\" content=\"Kaanbal Suut\" \/>\n<meta property=\"article:modified_time\" content=\"2024-04-10T21:10:57+00:00\" \/>\n<meta property=\"og:image\" content=\"https:\/\/kaanbalsuut.mx\/wp-content\/uploads\/2022\/05\/LogoFinal_KaanbalSuut.png\" \/>\n\t<meta property=\"og:image:width\" content=\"1945\" \/>\n\t<meta property=\"og:image:height\" content=\"1495\" \/>\n\t<meta property=\"og:image:type\" content=\"image\/png\" \/>\n<meta name=\"twitter:card\" content=\"summary_large_image\" \/>\n<meta name=\"twitter:label1\" content=\"Est. reading time\" \/>\n\t<meta name=\"twitter:data1\" content=\"1 minute\" \/>\n<script type=\"application\/ld+json\" class=\"yoast-schema-graph\">{\"@context\":\"https:\/\/schema.org\",\"@graph\":[{\"@type\":\"WebPage\",\"@id\":\"https:\/\/kaanbalsuut.mx\/sesion-3-diversifica-tu-estrategia-de-financiamiento-2024\/\",\"url\":\"https:\/\/kaanbalsuut.mx\/sesion-3-diversifica-tu-estrategia-de-financiamiento-2024\/\",\"name\":\"Sesi\u00f3n 3 - Diversifica tu estrategia de financiamiento - 2024 | Kaanbal Suut\",\"isPartOf\":{\"@id\":\"https:\/\/kaanbalsuut.mx\/#website\"},\"datePublished\":\"2024-04-10T21:05:45+00:00\",\"dateModified\":\"2024-04-10T21:10:57+00:00\",\"description\":\"Programa de Fortalecimiento de Capacidades Internas y Liderazgo para las Organizaciones de la Sociedad Civil en la Pen\u00ednsula de Yucat\u00e1n.\",\"breadcrumb\":{\"@id\":\"https:\/\/kaanbalsuut.mx\/sesion-3-diversifica-tu-estrategia-de-financiamiento-2024\/#breadcrumb\"},\"inLanguage\":\"en-US\",\"potentialAction\":[{\"@type\":\"ReadAction\",\"target\":[\"https:\/\/kaanbalsuut.mx\/sesion-3-diversifica-tu-estrategia-de-financiamiento-2024\/\"]}]},{\"@type\":\"BreadcrumbList\",\"@id\":\"https:\/\/kaanbalsuut.mx\/sesion-3-diversifica-tu-estrategia-de-financiamiento-2024\/#breadcrumb\",\"itemListElement\":[{\"@type\":\"ListItem\",\"position\":1,\"name\":\"Portada\",\"item\":\"https:\/\/kaanbalsuut.mx\/\"},{\"@type\":\"ListItem\",\"position\":2,\"name\":\"Sesi\u00f3n 3 &#8211; Diversifica tu estrategia de financiamiento &#8211; 2024\"}]},{\"@type\":\"WebSite\",\"@id\":\"https:\/\/kaanbalsuut.mx\/#website\",\"url\":\"https:\/\/kaanbalsuut.mx\/\",\"name\":\"Kaanbal Suut\",\"description\":\"Fortaleciendo a las organizaciones\",\"publisher\":{\"@id\":\"https:\/\/kaanbalsuut.mx\/#organization\"},\"potentialAction\":[{\"@type\":\"SearchAction\",\"target\":{\"@type\":\"EntryPoint\",\"urlTemplate\":\"https:\/\/kaanbalsuut.mx\/?s={search_term_string}\"},\"query-input\":{\"@type\":\"PropertyValueSpecification\",\"valueRequired\":true,\"valueName\":\"search_term_string\"}}],\"inLanguage\":\"en-US\"},{\"@type\":\"Organization\",\"@id\":\"https:\/\/kaanbalsuut.mx\/#organization\",\"name\":\"Kaanbal Suut\",\"url\":\"https:\/\/kaanbalsuut.mx\/\",\"logo\":{\"@type\":\"ImageObject\",\"inLanguage\":\"en-US\",\"@id\":\"https:\/\/kaanbalsuut.mx\/#\/schema\/logo\/image\/\",\"url\":\"https:\/\/kaanbalsuut.mx\/wp-content\/uploads\/2022\/05\/cropped-cropped-header.png\",\"contentUrl\":\"https:\/\/kaanbalsuut.mx\/wp-content\/uploads\/2022\/05\/cropped-cropped-header.png\",\"width\":158,\"height\":100,\"caption\":\"Kaanbal Suut\"},\"image\":{\"@id\":\"https:\/\/kaanbalsuut.mx\/#\/schema\/logo\/image\/\"}}]}<\/script>\n<!-- \/ Yoast SEO plugin. -->","yoast_head_json":{"title":"Sesi\u00f3n 3 - Diversifica tu estrategia de financiamiento - 2024 | Kaanbal Suut","description":"Programa de Fortalecimiento de Capacidades Internas y Liderazgo para las Organizaciones de la Sociedad Civil en la Pen\u00ednsula de Yucat\u00e1n.","robots":{"index":"index","follow":"follow","max-snippet":"max-snippet:-1","max-image-preview":"max-image-preview:large","max-video-preview":"max-video-preview:-1"},"canonical":"https:\/\/kaanbalsuut.mx\/en\/sesion-3-diversifica-tu-estrategia-de-financiamiento-2024\/","og_locale":"en_US","og_type":"article","og_title":"Sesi\u00f3n 3 - Diversifica tu estrategia de financiamiento - 2024 | Kaanbal Suut","og_description":"Programa de Fortalecimiento de Capacidades Internas y Liderazgo para las Organizaciones de la Sociedad Civil en la Pen\u00ednsula de Yucat\u00e1n.","og_url":"https:\/\/kaanbalsuut.mx\/en\/sesion-3-diversifica-tu-estrategia-de-financiamiento-2024\/","og_site_name":"Kaanbal Suut","article_modified_time":"2024-04-10T21:10:57+00:00","og_image":[{"width":1945,"height":1495,"url":"https:\/\/kaanbalsuut.mx\/wp-content\/uploads\/2022\/05\/LogoFinal_KaanbalSuut.png","type":"image\/png"}],"twitter_card":"summary_large_image","twitter_misc":{"Est. reading time":"1 minute"},"schema":{"@context":"https:\/\/schema.org","@graph":[{"@type":"WebPage","@id":"https:\/\/kaanbalsuut.mx\/sesion-3-diversifica-tu-estrategia-de-financiamiento-2024\/","url":"https:\/\/kaanbalsuut.mx\/sesion-3-diversifica-tu-estrategia-de-financiamiento-2024\/","name":"Sesi\u00f3n 3 - Diversifica tu estrategia de financiamiento - 2024 | Kaanbal Suut","isPartOf":{"@id":"https:\/\/kaanbalsuut.mx\/#website"},"datePublished":"2024-04-10T21:05:45+00:00","dateModified":"2024-04-10T21:10:57+00:00","description":"Programa de Fortalecimiento de Capacidades Internas y Liderazgo para las Organizaciones de la Sociedad Civil en la Pen\u00ednsula de Yucat\u00e1n.","breadcrumb":{"@id":"https:\/\/kaanbalsuut.mx\/sesion-3-diversifica-tu-estrategia-de-financiamiento-2024\/#breadcrumb"},"inLanguage":"en-US","potentialAction":[{"@type":"ReadAction","target":["https:\/\/kaanbalsuut.mx\/sesion-3-diversifica-tu-estrategia-de-financiamiento-2024\/"]}]},{"@type":"BreadcrumbList","@id":"https:\/\/kaanbalsuut.mx\/sesion-3-diversifica-tu-estrategia-de-financiamiento-2024\/#breadcrumb","itemListElement":[{"@type":"ListItem","position":1,"name":"Portada","item":"https:\/\/kaanbalsuut.mx\/"},{"@type":"ListItem","position":2,"name":"Sesi\u00f3n 3 &#8211; Diversifica tu estrategia de financiamiento &#8211; 2024"}]},{"@type":"WebSite","@id":"https:\/\/kaanbalsuut.mx\/#website","url":"https:\/\/kaanbalsuut.mx\/","name":"Kaanbal Suut","description":"Fortaleciendo a las organizaciones","publisher":{"@id":"https:\/\/kaanbalsuut.mx\/#organization"},"potentialAction":[{"@type":"SearchAction","target":{"@type":"EntryPoint","urlTemplate":"https:\/\/kaanbalsuut.mx\/?s={search_term_string}"},"query-input":{"@type":"PropertyValueSpecification","valueRequired":true,"valueName":"search_term_string"}}],"inLanguage":"en-US"},{"@type":"Organization","@id":"https:\/\/kaanbalsuut.mx\/#organization","name":"Kaanbal Suut","url":"https:\/\/kaanbalsuut.mx\/","logo":{"@type":"ImageObject","inLanguage":"en-US","@id":"https:\/\/kaanbalsuut.mx\/#\/schema\/logo\/image\/","url":"https:\/\/kaanbalsuut.mx\/wp-content\/uploads\/2022\/05\/cropped-cropped-header.png","contentUrl":"https:\/\/kaanbalsuut.mx\/wp-content\/uploads\/2022\/05\/cropped-cropped-header.png","width":158,"height":100,"caption":"Kaanbal Suut"},"image":{"@id":"https:\/\/kaanbalsuut.mx\/#\/schema\/logo\/image\/"}}]}},"_links":{"self":[{"href":"https:\/\/kaanbalsuut.mx\/en\/wp-json\/wp\/v2\/pages\/5473","targetHints":{"allow":["GET"]}}],"collection":[{"href":"https:\/\/kaanbalsuut.mx\/en\/wp-json\/wp\/v2\/pages"}],"about":[{"href":"https:\/\/kaanbalsuut.mx\/en\/wp-json\/wp\/v2\/types\/page"}],"author":[{"embeddable":true,"href":"https:\/\/kaanbalsuut.mx\/en\/wp-json\/wp\/v2\/users\/1"}],"replies":[{"embeddable":true,"href":"https:\/\/kaanbalsuut.mx\/en\/wp-json\/wp\/v2\/comments?post=5473"}],"version-history":[{"count":4,"href":"https:\/\/kaanbalsuut.mx\/en\/wp-json\/wp\/v2\/pages\/5473\/revisions"}],"predecessor-version":[{"id":5481,"href":"https:\/\/kaanbalsuut.mx\/en\/wp-json\/wp\/v2\/pages\/5473\/revisions\/5481"}],"wp:attachment":[{"href":"https:\/\/kaanbalsuut.mx\/en\/wp-json\/wp\/v2\/media?parent=5473"}],"curies":[{"name":"wp","href":"https:\/\/api.w.org\/{rel}","templated":true}]}}