{"id":4589,"date":"2023-07-10T21:20:48","date_gmt":"2023-07-10T21:20:48","guid":{"rendered":"https:\/\/kaanbalsuut.mx\/?page_id=4589"},"modified":"2023-07-12T15:36:11","modified_gmt":"2023-07-12T15:36:11","slug":"sesion-4-gestion-de-talento-humano-2023","status":"publish","type":"page","link":"https:\/\/kaanbalsuut.mx\/en\/sesion-4-gestion-de-talento-humano-2023\/","title":{"rendered":"Sesi\u00f3n 4 &#8211; Gesti\u00f3n de Talento Humano 2023"},"content":{"rendered":"<div data-elementor-type=\"wp-page\" data-elementor-id=\"4589\" class=\"elementor elementor-4589\">\n\t\t\t\t\t\t<section class=\"elementor-section elementor-top-section elementor-element elementor-element-wo62cz2 elementor-section-content-middle elementor-section-boxed elementor-section-height-default elementor-section-height-default\" data-id=\"wo62cz2\" data-element_type=\"section\" data-e-type=\"section\" data-settings=\"{&quot;background_background&quot;:&quot;classic&quot;}\">\n\t\t\t\t\t\t<div class=\"elementor-container elementor-column-gap-no\">\n\t\t\t\t\t<div class=\"elementor-column elementor-col-100 elementor-top-column elementor-element elementor-element-2b10226\" data-id=\"2b10226\" data-element_type=\"column\" data-e-type=\"column\">\n\t\t\t<div class=\"elementor-widget-wrap elementor-element-populated\">\n\t\t\t\t\t\t<div class=\"elementor-element elementor-element-90d4b08 elementor-widget elementor-widget-elementskit-heading\" data-id=\"90d4b08\" data-element_type=\"widget\" data-e-type=\"widget\" data-widget_type=\"elementskit-heading.default\">\n\t\t\t\t<div class=\"elementor-widget-container\">\n\t\t\t\t\t<div class=\"ekit-wid-con\" ><div class=\"ekit-heading elementskit-section-title-wraper text_center   ekit_heading_tablet-   ekit_heading_mobile-\"><h2 class=\"ekit-heading--title elementskit-section-title\">Materiales de la sesi\u00f3n<\/h2><\/div><\/div>\t\t\t\t<\/div>\n\t\t\t\t<\/div>\n\t\t\t\t<div class=\"elementor-element elementor-element-01e694d elementor-widget elementor-widget-video\" data-id=\"01e694d\" data-element_type=\"widget\" data-e-type=\"widget\" data-settings=\"{&quot;youtube_url&quot;:&quot;https:\\\/\\\/youtu.be\\\/2VqjJmQ2dIo&quot;,&quot;video_type&quot;:&quot;youtube&quot;,&quot;controls&quot;:&quot;yes&quot;}\" data-widget_type=\"video.default\">\n\t\t\t\t<div class=\"elementor-widget-container\">\n\t\t\t\t\t\t\t<div class=\"elementor-wrapper elementor-open-inline\">\n\t\t\t<div class=\"elementor-video\"><\/div>\t\t<\/div>\n\t\t\t\t\t\t<\/div>\n\t\t\t\t<\/div>\n\t\t\t\t\t<\/div>\n\t\t<\/div>\n\t\t\t\t\t<\/div>\n\t\t<\/section>\n\t\t\t\t<section class=\"elementor-section elementor-top-section elementor-element elementor-element-a13184c elementor-section-boxed elementor-section-height-default elementor-section-height-default\" data-id=\"a13184c\" data-element_type=\"section\" data-e-type=\"section\">\n\t\t\t\t\t\t<div class=\"elementor-container elementor-column-gap-default\">\n\t\t\t\t\t<div class=\"elementor-column elementor-col-33 elementor-top-column elementor-element elementor-element-16cdf28\" data-id=\"16cdf28\" data-element_type=\"column\" data-e-type=\"column\">\n\t\t\t<div class=\"elementor-widget-wrap elementor-element-populated\">\n\t\t\t\t\t\t<div class=\"elementor-element elementor-element-c7674c3 ekit-equal-height-disable elementor-widget elementor-widget-elementskit-icon-box\" data-id=\"c7674c3\" data-element_type=\"widget\" data-e-type=\"widget\" data-widget_type=\"elementskit-icon-box.default\">\n\t\t\t\t<div class=\"elementor-widget-container\">\n\t\t\t\t\t<div class=\"ekit-wid-con\" >        <!-- link opening -->\n                <a href=\"https:\/\/drive.google.com\/file\/d\/1JfhkyeiS0AyEikbI_9rYCdiqGonOxFrD\/view?usp=drive_link\" target=\"_blank\" class=\"ekit_global_links\">\n                <!-- end link opening -->\n\n        <div class=\"elementskit-infobox text-center text-center icon-top-align elementor-animation-bob\">\n                    <div class=\"elementskit-box-header elementor-animation-\">\n                <div class=\"elementskit-info-box-icon\">\n                    <i aria-hidden=\"true\" class=\"elementkit-infobox-icon far fa-file-powerpoint\"><\/i>\n                <\/div>\n          <\/div>\n                        <div class=\"box-body\">\n                            <h3 class=\"elementskit-info-box-title\">\n                    Presentaci\u00f3n                <\/h3>\n                                            <\/div>\n        \n        \n                <\/div>\n                <\/a>\n        <\/div>\t\t\t\t<\/div>\n\t\t\t\t<\/div>\n\t\t\t\t\t<\/div>\n\t\t<\/div>\n\t\t\t\t<div class=\"elementor-column elementor-col-33 elementor-top-column elementor-element elementor-element-cca1872\" data-id=\"cca1872\" data-element_type=\"column\" data-e-type=\"column\">\n\t\t\t<div class=\"elementor-widget-wrap elementor-element-populated\">\n\t\t\t\t\t\t<div class=\"elementor-element elementor-element-b798469 ekit-equal-height-disable elementor-widget elementor-widget-elementskit-icon-box\" data-id=\"b798469\" data-element_type=\"widget\" data-e-type=\"widget\" data-widget_type=\"elementskit-icon-box.default\">\n\t\t\t\t<div class=\"elementor-widget-container\">\n\t\t\t\t\t<div class=\"ekit-wid-con\" >        <!-- link opening -->\n                <!-- end link opening -->\n\n        <div class=\"elementskit-infobox text-center text-center icon-top-align elementor-animation-bob\">\n                    <div class=\"elementskit-box-header elementor-animation-\">\n                <div class=\"elementskit-info-box-icon\">\n                    <i aria-hidden=\"true\" class=\"elementkit-infobox-icon fas fa-file-signature\"><\/i>\n                <\/div>\n          <\/div>\n                        <div class=\"box-body\">\n                            <h3 class=\"elementskit-info-box-title\">\n                    Ejercicio pr\u00e1ctico                <\/h3>\n                                            <\/div>\n        \n        \n                <\/div>\n        <\/div>\t\t\t\t<\/div>\n\t\t\t\t<\/div>\n\t\t\t\t<div class=\"elementor-element elementor-element-54cfd89 elementor-widget__width-initial elementor-align-start elementor-icon-list--layout-traditional elementor-list-item-link-full_width elementor-widget elementor-widget-icon-list\" data-id=\"54cfd89\" data-element_type=\"widget\" data-e-type=\"widget\" data-widget_type=\"icon-list.default\">\n\t\t\t\t<div class=\"elementor-widget-container\">\n\t\t\t\t\t\t\t<ul class=\"elementor-icon-list-items\">\n\t\t\t\t\t\t\t<li class=\"elementor-icon-list-item\">\n\t\t\t\t\t\t\t\t\t\t\t<span class=\"elementor-icon-list-icon\">\n\t\t\t\t\t\t\t<i aria-hidden=\"true\" class=\"fas fa-check-circle\"><\/i>\t\t\t\t\t\t<\/span>\n\t\t\t\t\t\t\t\t\t\t<span class=\"elementor-icon-list-text\">Fecha l\u00edmite para subir la libreta completa: 12 de Julio 2023<\/span>\n\t\t\t\t\t\t\t\t\t<\/li>\n\t\t\t\t\t\t<\/ul>\n\t\t\t\t\t\t<\/div>\n\t\t\t\t<\/div>\n\t\t\t\t\t<\/div>\n\t\t<\/div>\n\t\t\t\t<div class=\"elementor-column elementor-col-33 elementor-top-column elementor-element elementor-element-0312112\" data-id=\"0312112\" data-element_type=\"column\" data-e-type=\"column\">\n\t\t\t<div class=\"elementor-widget-wrap elementor-element-populated\">\n\t\t\t\t\t\t<div class=\"elementor-element elementor-element-2009e24 ekit-equal-height-disable elementor-widget elementor-widget-elementskit-icon-box\" data-id=\"2009e24\" data-element_type=\"widget\" data-e-type=\"widget\" data-widget_type=\"elementskit-icon-box.default\">\n\t\t\t\t<div class=\"elementor-widget-container\">\n\t\t\t\t\t<div class=\"ekit-wid-con\" >        <!-- link opening -->\n                <!-- end link opening -->\n\n        <div class=\"elementskit-infobox text-center text-center icon-top-align elementor-animation-bob\">\n                    <div class=\"elementskit-box-header elementor-animation-\">\n                <div class=\"elementskit-info-box-icon\">\n                    <i aria-hidden=\"true\" class=\"elementkit-infobox-icon fas fa-file-download\"><\/i>\n                <\/div>\n          <\/div>\n                        <div class=\"box-body\">\n                            <h3 class=\"elementskit-info-box-title\">\n                    Material complementario                <\/h3>\n                                            <\/div>\n        \n        \n                <\/div>\n        <\/div>\t\t\t\t<\/div>\n\t\t\t\t<\/div>\n\t\t\t\t<div class=\"elementor-element elementor-element-439035d elementor-widget__width-initial elementor-align-start elementor-icon-list--layout-traditional elementor-list-item-link-full_width elementor-widget elementor-widget-icon-list\" data-id=\"439035d\" data-element_type=\"widget\" data-e-type=\"widget\" data-widget_type=\"icon-list.default\">\n\t\t\t\t<div class=\"elementor-widget-container\">\n\t\t\t\t\t\t\t<ul class=\"elementor-icon-list-items\">\n\t\t\t\t\t\t\t<li class=\"elementor-icon-list-item\">\n\t\t\t\t\t\t\t\t\t\t\t<a href=\"https:\/\/docs.google.com\/spreadsheets\/d\/13xad0vm8scISd0AicZSE8QXg6ecEvK-r\/edit?usp=sharing&#038;ouid=100019368738327143416&#038;rtpof=true&#038;sd=true\" target=\"_blank\">\n\n\t\t\t\t\t\t\t\t\t\t\t\t<span class=\"elementor-icon-list-icon\">\n\t\t\t\t\t\t\t<i aria-hidden=\"true\" class=\"fas fa-pencil-alt\"><\/i>\t\t\t\t\t\t<\/span>\n\t\t\t\t\t\t\t\t\t\t<span class=\"elementor-icon-list-text\">Listado de libretas de ejercicios<\/span>\n\t\t\t\t\t\t\t\t\t\t\t<\/a>\n\t\t\t\t\t\t\t\t\t<\/li>\n\t\t\t\t\t\t<\/ul>\n\t\t\t\t\t\t<\/div>\n\t\t\t\t<\/div>\n\t\t\t\t\t<\/div>\n\t\t<\/div>\n\t\t\t\t\t<\/div>\n\t\t<\/section>\n\t\t\t\t<section class=\"elementor-section elementor-top-section elementor-element elementor-element-9ftpw9i elementor-section-boxed elementor-section-height-default elementor-section-height-default\" data-id=\"9ftpw9i\" data-element_type=\"section\" data-e-type=\"section\" data-settings=\"{&quot;background_background&quot;:&quot;classic&quot;}\">\n\t\t\t\t\t\t\t<div class=\"elementor-background-overlay\"><\/div>\n\t\t\t\t\t\t\t<div class=\"elementor-container elementor-column-gap-no\">\n\t\t\t\t\t<div class=\"elementor-column elementor-col-100 elementor-top-column elementor-element elementor-element-84d349f\" data-id=\"84d349f\" data-element_type=\"column\" data-e-type=\"column\">\n\t\t\t<div class=\"elementor-widget-wrap elementor-element-populated\">\n\t\t\t\t\t\t<div class=\"elementor-element elementor-element-f3a098b elementor-widget__width-initial elementor-widget elementor-widget-elementskit-heading\" data-id=\"f3a098b\" data-element_type=\"widget\" data-e-type=\"widget\" data-widget_type=\"elementskit-heading.default\">\n\t\t\t\t<div class=\"elementor-widget-container\">\n\t\t\t\t\t<div class=\"ekit-wid-con\" ><div class=\"ekit-heading elementskit-section-title-wraper text_center   ekit_heading_tablet-   ekit_heading_mobile-\"><h2 class=\"ekit-heading--title elementskit-section-title\">Adjunta el ejercicio<\/h2><\/div><\/div>\t\t\t\t<\/div>\n\t\t\t\t<\/div>\n\t\t\t\t<div class=\"elementor-element elementor-element-c82f5d7 elementor-widget__width-initial elementor-widget elementor-widget-shortcode\" data-id=\"c82f5d7\" data-element_type=\"widget\" data-e-type=\"widget\" data-widget_type=\"shortcode.default\">\n\t\t\t\t<div class=\"elementor-widget-container\">\n\t\t\t\t\t\t\t<div class=\"elementor-shortcode\"><div class=\"forminator-ui forminator-custom-form forminator-custom-form-4591 forminator-design--material  forminator_ajax\" data-forminator-render=\"0\" data-form=\"forminator-module-4591\" data-uid=\"69e16f3e421ed\"><br\/><\/div><form\n\t\t\t\tid=\"forminator-module-4591\"\n\t\t\t\tclass=\"forminator-ui forminator-custom-form forminator-custom-form-4591 forminator-design--material  forminator_ajax\"\n\t\t\t\tmethod=\"post\"\n\t\t\t\tdata-forminator-render=\"0\"\n\t\t\t\tdata-form-id=\"4591\"\n\t\t\t\tenctype=\"multipart\/form-data\" data-color-option=\"default\" data-design=\"material\" data-grid=\"open\" style=\"display: none;\"\n\t\t\t\tdata-uid=\"69e16f3e421ed\" action=\"\"\n\t\t\t><div role=\"alert\" aria-live=\"polite\" class=\"forminator-response-message forminator-error\" aria-hidden=\"true\"><\/div><div class=\"forminator-row\"><div id=\"email-1\" class=\"forminator-field-email forminator-col forminator-col-4\"><div class=\"forminator-field\"><label for=\"forminator-field-email-1_69e16f3e421ed\" id=\"forminator-field-email-1_69e16f3e421ed-label\" class=\"forminator-label\">Correo electr\u00f3nico <span class=\"forminator-required\">*<\/span><\/label><input type=\"email\" name=\"email-1\" value=\"\" placeholder=\"Ej . : ejemplo@ejemplo.com\" id=\"forminator-field-email-1_69e16f3e421ed\" class=\"forminator-input forminator-email--field\" data-required=\"1\" aria-required=\"true\" autocomplete=\"email\" \/><\/div><\/div><div id=\"name-1\" class=\"forminator-field-name forminator-col forminator-col-4\"><div class=\"forminator-field\"><label for=\"forminator-field-name-1_69e16f3e421ed\" id=\"forminator-field-name-1_69e16f3e421ed-label\" class=\"forminator-label\">Organizaci\u00f3n <span class=\"forminator-required\">*<\/span><\/label><input type=\"text\" name=\"name-1\" value=\"\" placeholder=\"Ejemplo: Sureste Sostenible\" id=\"forminator-field-name-1_69e16f3e421ed\" class=\"forminator-input forminator-name--field\" aria-required=\"true\" autocomplete=\"name\" \/><\/div><\/div><div id=\"upload-1\" class=\"forminator-field-upload forminator-col forminator-col-4\"><div class=\"forminator-field\"><label for=\"forminator-field-upload-1_69e16f3e421ed\" id=\"forminator-field-upload-1_69e16f3e421ed-label\" class=\"forminator-label\">Subir archivo <span class=\"forminator-required\">*<\/span><\/label><div class=\"forminator-file-upload\" data-element=\"upload-1_69e16f3e421ed\" aria-describedby=\"forminator-field-upload-1_69e16f3e421ed-description\"><input type=\"file\" name=\"upload-1\" id=\"forminator-field-upload-1_69e16f3e421ed\" class=\"forminator-input-file-required do-validate\" accept=\".webp,.json,.svgz,.doc,.docx,.pdf,.pot,.pps,.ppt\" tabindex=\"-1\"><button id=\"forminator-field-upload-1_69e16f3e421ed_button\" class=\"forminator-button forminator-button-upload\" data-id=\"forminator-field-upload-1_69e16f3e421ed\">Choose File<\/button><span data-empty-text=\"No file chosen\">No file chosen<\/span><button class=\"forminator-button-delete\" style=\"display: none;\"><i class=\"forminator-icon-close\" aria-hidden=\"true\"><\/i><span class=\"forminator-screen-reader-only\">Delete uploaded file<\/span><\/button><\/div><span id=\"forminator-field-upload-1_69e16f3e421ed-description\" class=\"forminator-description\">M\u00e1x: 20 MB<\/span><\/div><\/div><\/div><input type=\"hidden\" name=\"referer_url\" value=\"\" \/><div class=\"forminator-row forminator-row-last\"><div class=\"forminator-col\"><div class=\"forminator-field\"><button class=\"forminator-button forminator-button-submit\"><span>Enviar tarea<\/span><span aria-hidden=\"true\"><\/span><\/button><\/div><\/div><\/div><input type=\"hidden\" id=\"forminator_nonce\" name=\"forminator_nonce\" value=\"3ee0564eb6\" \/><input type=\"hidden\" name=\"_wp_http_referer\" value=\"\/en\/wp-json\/wp\/v2\/pages\/4589\" \/><input type=\"hidden\" name=\"form_id\" value=\"4591\"><input type=\"hidden\" name=\"page_id\" value=\"4589\"><input type=\"hidden\" name=\"form_type\" value=\"default\"><input type=\"hidden\" name=\"current_url\" value=\"https:\/\/kaanbalsuut.mx\/en\/sesion-4-gestion-de-talento-humano-2023\/\"><input type=\"hidden\" name=\"render_id\" value=\"0\"><input type=\"hidden\" name=\"action\" value=\"forminator_submit_form_custom-forms\"><input type=\"hidden\" name=\"trp-form-language\" value=\"en\"\/><\/form><\/div>\n\t\t\t\t\t\t<\/div>\n\t\t\t\t<\/div>\n\t\t\t\t\t<\/div>\n\t\t<\/div>\n\t\t\t\t\t<\/div>\n\t\t<\/section>\n\t\t\t\t<\/div>","protected":false},"excerpt":{"rendered":"<p>Materiales de la sesi\u00f3n Presentaci\u00f3n Ejercicio pr\u00e1ctico Fecha l\u00edmite para subir la libreta completa: 12 de Julio 2023 Material complementario Listado de libretas de ejercicios Adjunta el ejercicio<\/p>","protected":false},"author":1,"featured_media":0,"parent":0,"menu_order":0,"comment_status":"closed","ping_status":"closed","template":"","meta":{"site-sidebar-layout":"no-sidebar","site-content-layout":"page-builder","ast-site-content-layout":"","site-content-style":"default","site-sidebar-style":"default","ast-global-header-display":"","ast-banner-title-visibility":"","ast-main-header-display":"","ast-hfb-above-header-display":"","ast-hfb-below-header-display":"","ast-hfb-mobile-header-display":"","site-post-title":"disabled","ast-breadcrumbs-content":"","ast-featured-img":"disabled","footer-sml-layout":"","theme-transparent-header-meta":"","adv-header-id-meta":null,"stick-header-meta":null,"header-above-stick-meta":null,"header-main-stick-meta":null,"header-below-stick-meta":null,"astra-migrate-meta-layouts":"","ast-page-background-enabled":"default","ast-page-background-meta":{"desktop":{"background-color":"var(--ast-global-color-4)","background-image":"","background-repeat":"repeat","background-position":"center center","background-size":"auto","background-attachment":"scroll","background-type":"","background-media":"","overlay-type":"","overlay-color":"","overlay-gradient":""},"tablet":{"background-color":"","background-image":"","background-repeat":"repeat","background-position":"center center","background-size":"auto","background-attachment":"scroll","background-type":"","background-media":"","overlay-type":"","overlay-color":"","overlay-gradient":""},"mobile":{"background-color":"","background-image":"","background-repeat":"repeat","background-position":"center center","background-size":"auto","background-attachment":"scroll","background-type":"","background-media":"","overlay-type":"","overlay-color":"","overlay-gradient":""}},"ast-content-background-meta":{"desktop":{"background-color":"var(--ast-global-color-5)","background-image":"","background-repeat":"repeat","background-position":"center center","background-size":"auto","background-attachment":"scroll","background-type":"","background-media":"","overlay-type":"","overlay-color":"","overlay-gradient":""},"tablet":{"background-color":"var(--ast-global-color-5)","background-image":"","background-repeat":"repeat","background-position":"center center","background-size":"auto","background-attachment":"scroll","background-type":"","background-media":"","overlay-type":"","overlay-color":"","overlay-gradient":""},"mobile":{"background-color":"var(--ast-global-color-5)","background-image":"","background-repeat":"repeat","background-position":"center center","background-size":"auto","background-attachment":"scroll","background-type":"","background-media":"","overlay-type":"","overlay-color":"","overlay-gradient":""}},"footnotes":""},"class_list":["post-4589","page","type-page","status-publish","hentry"],"yoast_head":"<!-- This site is optimized with the Yoast SEO plugin v26.9 - https:\/\/yoast.com\/product\/yoast-seo-wordpress\/ -->\n<title>Sesi\u00f3n 4 - Gesti\u00f3n de Talento Humano 2023 | Kaanbal Suut<\/title>\n<meta name=\"description\" content=\"Programa de Fortalecimiento de Capacidades Internas y Liderazgo para las Organizaciones de la Sociedad Civil en la Pen\u00ednsula de Yucat\u00e1n.\" \/>\n<meta name=\"robots\" content=\"index, follow, max-snippet:-1, max-image-preview:large, max-video-preview:-1\" \/>\n<link rel=\"canonical\" href=\"https:\/\/kaanbalsuut.mx\/en\/sesion-4-gestion-de-talento-humano-2023\/\" \/>\n<meta property=\"og:locale\" content=\"en_US\" \/>\n<meta property=\"og:type\" content=\"article\" \/>\n<meta property=\"og:title\" content=\"Sesi\u00f3n 4 - Gesti\u00f3n de Talento Humano 2023 | Kaanbal Suut\" \/>\n<meta property=\"og:description\" content=\"Programa de Fortalecimiento de Capacidades Internas y Liderazgo para las Organizaciones de la Sociedad Civil en la Pen\u00ednsula de Yucat\u00e1n.\" \/>\n<meta property=\"og:url\" content=\"https:\/\/kaanbalsuut.mx\/en\/sesion-4-gestion-de-talento-humano-2023\/\" \/>\n<meta property=\"og:site_name\" content=\"Kaanbal Suut\" \/>\n<meta property=\"article:modified_time\" content=\"2023-07-12T15:36:11+00:00\" \/>\n<meta property=\"og:image\" content=\"https:\/\/kaanbalsuut.mx\/wp-content\/uploads\/2022\/05\/LogoFinal_KaanbalSuut.png\" \/>\n\t<meta property=\"og:image:width\" content=\"1945\" \/>\n\t<meta property=\"og:image:height\" content=\"1495\" \/>\n\t<meta property=\"og:image:type\" content=\"image\/png\" \/>\n<meta name=\"twitter:card\" content=\"summary_large_image\" \/>\n<meta name=\"twitter:label1\" content=\"Est. reading time\" \/>\n\t<meta name=\"twitter:data1\" content=\"1 minute\" \/>\n<script type=\"application\/ld+json\" class=\"yoast-schema-graph\">{\"@context\":\"https:\/\/schema.org\",\"@graph\":[{\"@type\":\"WebPage\",\"@id\":\"https:\/\/kaanbalsuut.mx\/sesion-4-gestion-de-talento-humano-2023\/\",\"url\":\"https:\/\/kaanbalsuut.mx\/sesion-4-gestion-de-talento-humano-2023\/\",\"name\":\"Sesi\u00f3n 4 - Gesti\u00f3n de Talento Humano 2023 | Kaanbal Suut\",\"isPartOf\":{\"@id\":\"https:\/\/kaanbalsuut.mx\/#website\"},\"datePublished\":\"2023-07-10T21:20:48+00:00\",\"dateModified\":\"2023-07-12T15:36:11+00:00\",\"description\":\"Programa de Fortalecimiento de Capacidades Internas y Liderazgo para las Organizaciones de la Sociedad Civil en la Pen\u00ednsula de Yucat\u00e1n.\",\"breadcrumb\":{\"@id\":\"https:\/\/kaanbalsuut.mx\/sesion-4-gestion-de-talento-humano-2023\/#breadcrumb\"},\"inLanguage\":\"en-US\",\"potentialAction\":[{\"@type\":\"ReadAction\",\"target\":[\"https:\/\/kaanbalsuut.mx\/sesion-4-gestion-de-talento-humano-2023\/\"]}]},{\"@type\":\"BreadcrumbList\",\"@id\":\"https:\/\/kaanbalsuut.mx\/sesion-4-gestion-de-talento-humano-2023\/#breadcrumb\",\"itemListElement\":[{\"@type\":\"ListItem\",\"position\":1,\"name\":\"Portada\",\"item\":\"https:\/\/kaanbalsuut.mx\/\"},{\"@type\":\"ListItem\",\"position\":2,\"name\":\"Sesi\u00f3n 4 &#8211; Gesti\u00f3n de Talento Humano 2023\"}]},{\"@type\":\"WebSite\",\"@id\":\"https:\/\/kaanbalsuut.mx\/#website\",\"url\":\"https:\/\/kaanbalsuut.mx\/\",\"name\":\"Kaanbal Suut\",\"description\":\"Fortaleciendo a las organizaciones\",\"publisher\":{\"@id\":\"https:\/\/kaanbalsuut.mx\/#organization\"},\"potentialAction\":[{\"@type\":\"SearchAction\",\"target\":{\"@type\":\"EntryPoint\",\"urlTemplate\":\"https:\/\/kaanbalsuut.mx\/?s={search_term_string}\"},\"query-input\":{\"@type\":\"PropertyValueSpecification\",\"valueRequired\":true,\"valueName\":\"search_term_string\"}}],\"inLanguage\":\"en-US\"},{\"@type\":\"Organization\",\"@id\":\"https:\/\/kaanbalsuut.mx\/#organization\",\"name\":\"Kaanbal Suut\",\"url\":\"https:\/\/kaanbalsuut.mx\/\",\"logo\":{\"@type\":\"ImageObject\",\"inLanguage\":\"en-US\",\"@id\":\"https:\/\/kaanbalsuut.mx\/#\/schema\/logo\/image\/\",\"url\":\"https:\/\/kaanbalsuut.mx\/wp-content\/uploads\/2022\/05\/cropped-cropped-header.png\",\"contentUrl\":\"https:\/\/kaanbalsuut.mx\/wp-content\/uploads\/2022\/05\/cropped-cropped-header.png\",\"width\":158,\"height\":100,\"caption\":\"Kaanbal Suut\"},\"image\":{\"@id\":\"https:\/\/kaanbalsuut.mx\/#\/schema\/logo\/image\/\"}}]}<\/script>\n<!-- \/ Yoast SEO plugin. -->","yoast_head_json":{"title":"Sesi\u00f3n 4 - Gesti\u00f3n de Talento Humano 2023 | Kaanbal Suut","description":"Programa de Fortalecimiento de Capacidades Internas y Liderazgo para las Organizaciones de la Sociedad Civil en la Pen\u00ednsula de Yucat\u00e1n.","robots":{"index":"index","follow":"follow","max-snippet":"max-snippet:-1","max-image-preview":"max-image-preview:large","max-video-preview":"max-video-preview:-1"},"canonical":"https:\/\/kaanbalsuut.mx\/en\/sesion-4-gestion-de-talento-humano-2023\/","og_locale":"en_US","og_type":"article","og_title":"Sesi\u00f3n 4 - Gesti\u00f3n de Talento Humano 2023 | Kaanbal Suut","og_description":"Programa de Fortalecimiento de Capacidades Internas y Liderazgo para las Organizaciones de la Sociedad Civil en la Pen\u00ednsula de Yucat\u00e1n.","og_url":"https:\/\/kaanbalsuut.mx\/en\/sesion-4-gestion-de-talento-humano-2023\/","og_site_name":"Kaanbal Suut","article_modified_time":"2023-07-12T15:36:11+00:00","og_image":[{"width":1945,"height":1495,"url":"https:\/\/kaanbalsuut.mx\/wp-content\/uploads\/2022\/05\/LogoFinal_KaanbalSuut.png","type":"image\/png"}],"twitter_card":"summary_large_image","twitter_misc":{"Est. reading time":"1 minute"},"schema":{"@context":"https:\/\/schema.org","@graph":[{"@type":"WebPage","@id":"https:\/\/kaanbalsuut.mx\/sesion-4-gestion-de-talento-humano-2023\/","url":"https:\/\/kaanbalsuut.mx\/sesion-4-gestion-de-talento-humano-2023\/","name":"Sesi\u00f3n 4 - Gesti\u00f3n de Talento Humano 2023 | Kaanbal Suut","isPartOf":{"@id":"https:\/\/kaanbalsuut.mx\/#website"},"datePublished":"2023-07-10T21:20:48+00:00","dateModified":"2023-07-12T15:36:11+00:00","description":"Programa de Fortalecimiento de Capacidades Internas y Liderazgo para las Organizaciones de la Sociedad Civil en la Pen\u00ednsula de Yucat\u00e1n.","breadcrumb":{"@id":"https:\/\/kaanbalsuut.mx\/sesion-4-gestion-de-talento-humano-2023\/#breadcrumb"},"inLanguage":"en-US","potentialAction":[{"@type":"ReadAction","target":["https:\/\/kaanbalsuut.mx\/sesion-4-gestion-de-talento-humano-2023\/"]}]},{"@type":"BreadcrumbList","@id":"https:\/\/kaanbalsuut.mx\/sesion-4-gestion-de-talento-humano-2023\/#breadcrumb","itemListElement":[{"@type":"ListItem","position":1,"name":"Portada","item":"https:\/\/kaanbalsuut.mx\/"},{"@type":"ListItem","position":2,"name":"Sesi\u00f3n 4 &#8211; Gesti\u00f3n de Talento Humano 2023"}]},{"@type":"WebSite","@id":"https:\/\/kaanbalsuut.mx\/#website","url":"https:\/\/kaanbalsuut.mx\/","name":"Kaanbal Suut","description":"Fortaleciendo a las organizaciones","publisher":{"@id":"https:\/\/kaanbalsuut.mx\/#organization"},"potentialAction":[{"@type":"SearchAction","target":{"@type":"EntryPoint","urlTemplate":"https:\/\/kaanbalsuut.mx\/?s={search_term_string}"},"query-input":{"@type":"PropertyValueSpecification","valueRequired":true,"valueName":"search_term_string"}}],"inLanguage":"en-US"},{"@type":"Organization","@id":"https:\/\/kaanbalsuut.mx\/#organization","name":"Kaanbal Suut","url":"https:\/\/kaanbalsuut.mx\/","logo":{"@type":"ImageObject","inLanguage":"en-US","@id":"https:\/\/kaanbalsuut.mx\/#\/schema\/logo\/image\/","url":"https:\/\/kaanbalsuut.mx\/wp-content\/uploads\/2022\/05\/cropped-cropped-header.png","contentUrl":"https:\/\/kaanbalsuut.mx\/wp-content\/uploads\/2022\/05\/cropped-cropped-header.png","width":158,"height":100,"caption":"Kaanbal Suut"},"image":{"@id":"https:\/\/kaanbalsuut.mx\/#\/schema\/logo\/image\/"}}]}},"_links":{"self":[{"href":"https:\/\/kaanbalsuut.mx\/en\/wp-json\/wp\/v2\/pages\/4589","targetHints":{"allow":["GET"]}}],"collection":[{"href":"https:\/\/kaanbalsuut.mx\/en\/wp-json\/wp\/v2\/pages"}],"about":[{"href":"https:\/\/kaanbalsuut.mx\/en\/wp-json\/wp\/v2\/types\/page"}],"author":[{"embeddable":true,"href":"https:\/\/kaanbalsuut.mx\/en\/wp-json\/wp\/v2\/users\/1"}],"replies":[{"embeddable":true,"href":"https:\/\/kaanbalsuut.mx\/en\/wp-json\/wp\/v2\/comments?post=4589"}],"version-history":[{"count":0,"href":"https:\/\/kaanbalsuut.mx\/en\/wp-json\/wp\/v2\/pages\/4589\/revisions"}],"wp:attachment":[{"href":"https:\/\/kaanbalsuut.mx\/en\/wp-json\/wp\/v2\/media?parent=4589"}],"curies":[{"name":"wp","href":"https:\/\/api.w.org\/{rel}","templated":true}]}}