{"id":4261,"date":"2023-05-29T21:26:20","date_gmt":"2023-05-29T21:26:20","guid":{"rendered":"https:\/\/kaanbalsuut.mx\/?page_id=4261"},"modified":"2023-05-30T17:17:23","modified_gmt":"2023-05-30T17:17:23","slug":"sesion-de-mentoria-comunicacion-2022","status":"publish","type":"page","link":"https:\/\/kaanbalsuut.mx\/en\/sesion-de-mentoria-comunicacion-2022\/","title":{"rendered":"Sesi\u00f3n de Mentor\u00eda &#8211; Comunicaci\u00f3n 2022"},"content":{"rendered":"<div data-elementor-type=\"wp-page\" data-elementor-id=\"4261\" class=\"elementor elementor-4261\">\n\t\t\t\t\t\t<section class=\"elementor-section elementor-top-section elementor-element elementor-element-2983f12 elementor-section-boxed elementor-section-height-default elementor-section-height-default\" data-id=\"2983f12\" data-element_type=\"section\" data-e-type=\"section\">\n\t\t\t\t\t\t<div class=\"elementor-container elementor-column-gap-default\">\n\t\t\t\t\t<div class=\"elementor-column elementor-col-100 elementor-top-column elementor-element elementor-element-fd59c11\" data-id=\"fd59c11\" data-element_type=\"column\" data-e-type=\"column\">\n\t\t\t<div class=\"elementor-widget-wrap elementor-element-populated\">\n\t\t\t\t\t\t<div class=\"elementor-element elementor-element-110d90d elementor-widget elementor-widget-video\" data-id=\"110d90d\" data-element_type=\"widget\" data-e-type=\"widget\" data-settings=\"{&quot;youtube_url&quot;:&quot;https:\\\/\\\/youtu.be\\\/jhNdIJtg7sI&quot;,&quot;video_type&quot;:&quot;youtube&quot;,&quot;controls&quot;:&quot;yes&quot;}\" data-widget_type=\"video.default\">\n\t\t\t\t<div class=\"elementor-widget-container\">\n\t\t\t\t\t\t\t<div class=\"elementor-wrapper elementor-open-inline\">\n\t\t\t<div class=\"elementor-video\"><\/div>\t\t<\/div>\n\t\t\t\t\t\t<\/div>\n\t\t\t\t<\/div>\n\t\t\t\t\t<\/div>\n\t\t<\/div>\n\t\t\t\t\t<\/div>\n\t\t<\/section>\n\t\t\t\t<section class=\"elementor-section elementor-top-section elementor-element elementor-element-a13184c elementor-section-boxed elementor-section-height-default elementor-section-height-default\" data-id=\"a13184c\" data-element_type=\"section\" data-e-type=\"section\">\n\t\t\t\t\t\t<div class=\"elementor-container elementor-column-gap-default\">\n\t\t\t\t\t<div class=\"elementor-column elementor-col-50 elementor-top-column elementor-element elementor-element-0312112\" data-id=\"0312112\" data-element_type=\"column\" data-e-type=\"column\">\n\t\t\t<div class=\"elementor-widget-wrap elementor-element-populated\">\n\t\t\t\t\t\t<div class=\"elementor-element elementor-element-2009e24 ekit-equal-height-disable elementor-widget elementor-widget-elementskit-icon-box\" data-id=\"2009e24\" data-element_type=\"widget\" data-e-type=\"widget\" data-widget_type=\"elementskit-icon-box.default\">\n\t\t\t\t<div class=\"elementor-widget-container\">\n\t\t\t\t\t<div class=\"ekit-wid-con\" >        <!-- link opening -->\n                <!-- end link opening -->\n\n        <div class=\"elementskit-infobox text-center text-center icon-top-align elementor-animation-bob\">\n                    <div class=\"elementskit-box-header elementor-animation-\">\n                <div class=\"elementskit-info-box-icon\">\n                    <i aria-hidden=\"true\" class=\"elementkit-infobox-icon fas fa-file-download\"><\/i>\n                <\/div>\n          <\/div>\n                        <div class=\"box-body\">\n                            <h3 class=\"elementskit-info-box-title\">\n                    Recursos para profundizar                <\/h3>\n                        \t\t  \t<p>Estos son los materiales que se mencionaron durante la sesi\u00f3n de mentor\u00eda del m\u00f3dulo.<\/p>\n                                <\/div>\n        \n        \n                <\/div>\n        <\/div>\t\t\t\t<\/div>\n\t\t\t\t<\/div>\n\t\t\t\t<div class=\"elementor-element elementor-element-30a4c7d elementor-widget__width-initial elementor-align-start elementor-icon-list--layout-traditional elementor-list-item-link-full_width elementor-widget elementor-widget-icon-list\" data-id=\"30a4c7d\" data-element_type=\"widget\" data-e-type=\"widget\" data-widget_type=\"icon-list.default\">\n\t\t\t\t<div class=\"elementor-widget-container\">\n\t\t\t\t\t\t\t<ul class=\"elementor-icon-list-items\">\n\t\t\t\t\t\t\t<li class=\"elementor-icon-list-item\">\n\t\t\t\t\t\t\t\t\t\t\t<a href=\"https:\/\/savingoursharksfoundation.org\/Queensoftheocean\/\" target=\"_blank\">\n\n\t\t\t\t\t\t\t\t\t\t\t\t<span class=\"elementor-icon-list-icon\">\n\t\t\t\t\t\t\t<i aria-hidden=\"true\" class=\"fas fa-check\"><\/i>\t\t\t\t\t\t<\/span>\n\t\t\t\t\t\t\t\t\t\t<span class=\"elementor-icon-list-text\">Queens of the ocean<\/span>\n\t\t\t\t\t\t\t\t\t\t\t<\/a>\n\t\t\t\t\t\t\t\t\t<\/li>\n\t\t\t\t\t\t\t\t<li class=\"elementor-icon-list-item\">\n\t\t\t\t\t\t\t\t\t\t\t<a href=\"https:\/\/es.zamia.media\/offers\/XaRLxFN8\/checkout\" target=\"_blank\">\n\n\t\t\t\t\t\t\t\t\t\t\t\t<span class=\"elementor-icon-list-icon\">\n\t\t\t\t\t\t\t<i aria-hidden=\"true\" class=\"fas fa-check\"><\/i>\t\t\t\t\t\t<\/span>\n\t\t\t\t\t\t\t\t\t\t<span class=\"elementor-icon-list-text\">Producci\u00f3n de video Zamia Media<\/span>\n\t\t\t\t\t\t\t\t\t\t\t<\/a>\n\t\t\t\t\t\t\t\t\t<\/li>\n\t\t\t\t\t\t<\/ul>\n\t\t\t\t\t\t<\/div>\n\t\t\t\t<\/div>\n\t\t\t\t\t<\/div>\n\t\t<\/div>\n\t\t\t\t<div class=\"elementor-column elementor-col-50 elementor-top-column elementor-element elementor-element-16cdf28\" data-id=\"16cdf28\" data-element_type=\"column\" data-e-type=\"column\">\n\t\t\t<div class=\"elementor-widget-wrap elementor-element-populated\">\n\t\t\t\t\t\t<div class=\"elementor-element elementor-element-7d0e506 elementor-widget__width-initial elementor-widget elementor-widget-image\" data-id=\"7d0e506\" data-element_type=\"widget\" data-e-type=\"widget\" data-widget_type=\"image.default\">\n\t\t\t\t<div class=\"elementor-widget-container\">\n\t\t\t\t\t\t\t\t\t\t\t\t\t\t\t<img decoding=\"async\" src=\"https:\/\/kaanbalsuut.mx\/wp-content\/uploads\/2022\/06\/recursosadicionales.png\" title=\"\" alt=\"\" loading=\"lazy\" \/>\t\t\t\t\t\t\t\t\t\t\t\t\t\t\t<\/div>\n\t\t\t\t<\/div>\n\t\t\t\t\t<\/div>\n\t\t<\/div>\n\t\t\t\t\t<\/div>\n\t\t<\/section>\n\t\t\t\t<section class=\"elementor-section elementor-top-section elementor-element elementor-element-cba3815 elementor-section-boxed elementor-section-height-default elementor-section-height-default\" data-id=\"cba3815\" data-element_type=\"section\" data-e-type=\"section\">\n\t\t\t\t\t\t<div class=\"elementor-container elementor-column-gap-default\">\n\t\t\t\t\t<div class=\"elementor-column elementor-col-100 elementor-top-column elementor-element elementor-element-5bf8d58\" data-id=\"5bf8d58\" data-element_type=\"column\" data-e-type=\"column\">\n\t\t\t<div class=\"elementor-widget-wrap elementor-element-populated\">\n\t\t\t\t\t\t<div class=\"elementor-element elementor-element-42965fa elementor-widget elementor-widget-video\" data-id=\"42965fa\" data-element_type=\"widget\" data-e-type=\"widget\" data-settings=\"{&quot;youtube_url&quot;:&quot;https:\\\/\\\/youtu.be\\\/qRpofV5lJfU&quot;,&quot;video_type&quot;:&quot;youtube&quot;,&quot;controls&quot;:&quot;yes&quot;}\" data-widget_type=\"video.default\">\n\t\t\t\t<div class=\"elementor-widget-container\">\n\t\t\t\t\t\t\t<div class=\"elementor-wrapper elementor-open-inline\">\n\t\t\t<div class=\"elementor-video\"><\/div>\t\t<\/div>\n\t\t\t\t\t\t<\/div>\n\t\t\t\t<\/div>\n\t\t\t\t\t<\/div>\n\t\t<\/div>\n\t\t\t\t\t<\/div>\n\t\t<\/section>\n\t\t\t\t<section class=\"elementor-section elementor-top-section elementor-element elementor-element-3d989d4 elementor-section-boxed elementor-section-height-default elementor-section-height-default\" data-id=\"3d989d4\" data-element_type=\"section\" data-e-type=\"section\">\n\t\t\t\t\t\t<div class=\"elementor-container elementor-column-gap-default\">\n\t\t\t\t\t<div class=\"elementor-column elementor-col-33 elementor-top-column elementor-element elementor-element-04de92a\" data-id=\"04de92a\" data-element_type=\"column\" data-e-type=\"column\">\n\t\t\t<div class=\"elementor-widget-wrap elementor-element-populated\">\n\t\t\t\t\t\t<div class=\"elementor-element elementor-element-9ee5176 premium-lq__none elementor-widget elementor-widget-premium-addon-button\" data-id=\"9ee5176\" data-element_type=\"widget\" data-e-type=\"widget\" data-widget_type=\"premium-addon-button.default\">\n\t\t\t\t<div class=\"elementor-widget-container\">\n\t\t\t\t\t\r\n\r\n\t\t<a class=\"premium-button premium-button-style7 premium-btn-md premium-button-style7-bottom\" href=\"https:\/\/kaanbalsuut.mx\/en\/sesion-de-asesoria-comunicacion-2022\/\">\r\n\t\t\t<div class=\"premium-button-text-icon-wrapper\">\r\n\t\t\t\t\r\n\t\t\t\t\t\t\t\t\t\t\t\t\t\t\t\t\t\t<i aria-hidden=\"true\" class=\"premium-drawable-icon premium-svg-nodraw icon icon-left-arrows\"><\/i>\t\t\t\t\t\t\t\t\t\t\t\t\t\t\t\r\n\t\t\t\t\t\t\t\t\t<span >\r\n\t\t\t\t\t\tLecci\u00f3n previa\t\t\t\t\t<\/span>\r\n\t\t\t\t\t\t\t<\/div>\r\n\r\n\t\t\t\r\n\t\t\t\r\n\t\t\t\r\n\t\t<\/a>\r\n\r\n\r\n\t\t\t\t\t\t<\/div>\n\t\t\t\t<\/div>\n\t\t\t\t\t<\/div>\n\t\t<\/div>\n\t\t\t\t<div class=\"elementor-column elementor-col-33 elementor-top-column elementor-element elementor-element-c3b42cc\" data-id=\"c3b42cc\" data-element_type=\"column\" data-e-type=\"column\">\n\t\t\t<div class=\"elementor-widget-wrap elementor-element-populated\">\n\t\t\t\t\t\t<div class=\"elementor-element elementor-element-29d196c premium-lq__none elementor-widget elementor-widget-premium-addon-button\" data-id=\"29d196c\" data-element_type=\"widget\" data-e-type=\"widget\" data-widget_type=\"premium-addon-button.default\">\n\t\t\t\t<div class=\"elementor-widget-container\">\n\t\t\t\t\t\r\n\r\n\t\t<a class=\"premium-button premium-button-style7 premium-btn-md premium-button-style7-bottom\" href=\"https:\/\/kaanbalsuut.mx\/en\/comunicacion-2022\/\">\r\n\t\t\t<div class=\"premium-button-text-icon-wrapper\">\r\n\t\t\t\t\r\n\t\t\t\t\t\t\t\t\t\t\t\t\t\t\t\t\t\t<i aria-hidden=\"true\" class=\"premium-drawable-icon premium-svg-nodraw icon icon-left-arrows\"><\/i>\t\t\t\t\t\t\t\t\t\t\t\t\t\t\t\r\n\t\t\t\t\t\t\t\t\t<span >\r\n\t\t\t\t\t\tRegresar al m\u00f3dulo\t\t\t\t\t<\/span>\r\n\t\t\t\t\t\t\t<\/div>\r\n\r\n\t\t\t\r\n\t\t\t\r\n\t\t\t\r\n\t\t<\/a>\r\n\r\n\r\n\t\t\t\t\t\t<\/div>\n\t\t\t\t<\/div>\n\t\t\t\t\t<\/div>\n\t\t<\/div>\n\t\t\t\t<div class=\"elementor-column elementor-col-33 elementor-top-column elementor-element elementor-element-76fffc3\" data-id=\"76fffc3\" data-element_type=\"column\" data-e-type=\"column\">\n\t\t\t<div class=\"elementor-widget-wrap elementor-element-populated\">\n\t\t\t\t\t\t<div class=\"elementor-element elementor-element-28c9bbe premium-lq__none elementor-widget elementor-widget-premium-addon-button\" data-id=\"28c9bbe\" data-element_type=\"widget\" data-e-type=\"widget\" data-widget_type=\"premium-addon-button.default\">\n\t\t\t\t<div class=\"elementor-widget-container\">\n\t\t\t\t\t\r\n\r\n\t\t<a class=\"premium-button premium-button-style7 premium-btn-md premium-button-style7-bottom\" href=\"https:\/\/kaanbalsuut.mx\/en\/generacion-2022\/\">\r\n\t\t\t<div class=\"premium-button-text-icon-wrapper\">\r\n\t\t\t\t\r\n\t\t\t\t\t\t\t\t\t\t\t\t\t\t\t\t\t\t<i aria-hidden=\"true\" class=\"premium-drawable-icon premium-svg-nodraw icon icon-right-arrow1\"><\/i>\t\t\t\t\t\t\t\t\t\t\t\t\t\t\t\r\n\t\t\t\t\t\t\t\t\t<span >\r\n\t\t\t\t\t\tM\u00f3dulo terminado\t\t\t\t\t<\/span>\r\n\t\t\t\t\t\t\t<\/div>\r\n\r\n\t\t\t\r\n\t\t\t\r\n\t\t\t\r\n\t\t<\/a>\r\n\r\n\r\n\t\t\t\t\t\t<\/div>\n\t\t\t\t<\/div>\n\t\t\t\t\t<\/div>\n\t\t<\/div>\n\t\t\t\t\t<\/div>\n\t\t<\/section>\n\t\t\t\t<\/div>","protected":false},"excerpt":{"rendered":"<p>Recursos para profundizar Estos son los materiales que se mencionaron durante la sesi\u00f3n de mentor\u00eda del m\u00f3dulo. Queens of the ocean Producci\u00f3n de video Zamia Media Lecci\u00f3n previa Regresar al m\u00f3dulo M\u00f3dulo terminado<\/p>","protected":false},"author":1,"featured_media":0,"parent":0,"menu_order":0,"comment_status":"closed","ping_status":"closed","template":"","meta":{"site-sidebar-layout":"no-sidebar","site-content-layout":"page-builder","ast-site-content-layout":"","site-content-style":"default","site-sidebar-style":"default","ast-global-header-display":"","ast-banner-title-visibility":"","ast-main-header-display":"","ast-hfb-above-header-display":"","ast-hfb-below-header-display":"","ast-hfb-mobile-header-display":"","site-post-title":"disabled","ast-breadcrumbs-content":"","ast-featured-img":"disabled","footer-sml-layout":"","theme-transparent-header-meta":"","adv-header-id-meta":null,"stick-header-meta":null,"header-above-stick-meta":null,"header-main-stick-meta":null,"header-below-stick-meta":null,"astra-migrate-meta-layouts":"","ast-page-background-enabled":"default","ast-page-background-meta":{"desktop":{"background-color":"var(--ast-global-color-4)","background-image":"","background-repeat":"repeat","background-position":"center center","background-size":"auto","background-attachment":"scroll","background-type":"","background-media":"","overlay-type":"","overlay-color":"","overlay-gradient":""},"tablet":{"background-color":"","background-image":"","background-repeat":"repeat","background-position":"center center","background-size":"auto","background-attachment":"scroll","background-type":"","background-media":"","overlay-type":"","overlay-color":"","overlay-gradient":""},"mobile":{"background-color":"","background-image":"","background-repeat":"repeat","background-position":"center center","background-size":"auto","background-attachment":"scroll","background-type":"","background-media":"","overlay-type":"","overlay-color":"","overlay-gradient":""}},"ast-content-background-meta":{"desktop":{"background-color":"var(--ast-global-color-5)","background-image":"","background-repeat":"repeat","background-position":"center center","background-size":"auto","background-attachment":"scroll","background-type":"","background-media":"","overlay-type":"","overlay-color":"","overlay-gradient":""},"tablet":{"background-color":"var(--ast-global-color-5)","background-image":"","background-repeat":"repeat","background-position":"center center","background-size":"auto","background-attachment":"scroll","background-type":"","background-media":"","overlay-type":"","overlay-color":"","overlay-gradient":""},"mobile":{"background-color":"var(--ast-global-color-5)","background-image":"","background-repeat":"repeat","background-position":"center center","background-size":"auto","background-attachment":"scroll","background-type":"","background-media":"","overlay-type":"","overlay-color":"","overlay-gradient":""}},"footnotes":""},"class_list":["post-4261","page","type-page","status-publish","hentry"],"yoast_head":"<!-- This site is optimized with the Yoast SEO plugin v26.9 - https:\/\/yoast.com\/product\/yoast-seo-wordpress\/ -->\n<title>Sesi\u00f3n de Mentor\u00eda - Comunicaci\u00f3n 2022 | Kaanbal Suut<\/title>\n<meta name=\"description\" content=\"Programa de Fortalecimiento de Capacidades Internas y Liderazgo para las Organizaciones de la Sociedad Civil en la Pen\u00ednsula de Yucat\u00e1n.\" \/>\n<meta name=\"robots\" content=\"index, follow, max-snippet:-1, max-image-preview:large, max-video-preview:-1\" \/>\n<link rel=\"canonical\" href=\"https:\/\/kaanbalsuut.mx\/en\/sesion-de-mentoria-comunicacion-2022\/\" \/>\n<meta property=\"og:locale\" content=\"en_US\" \/>\n<meta property=\"og:type\" content=\"article\" \/>\n<meta property=\"og:title\" content=\"Sesi\u00f3n de Mentor\u00eda - Comunicaci\u00f3n 2022 | Kaanbal Suut\" \/>\n<meta property=\"og:description\" content=\"Programa de Fortalecimiento de Capacidades Internas y Liderazgo para las Organizaciones de la Sociedad Civil en la Pen\u00ednsula de Yucat\u00e1n.\" \/>\n<meta property=\"og:url\" content=\"https:\/\/kaanbalsuut.mx\/en\/sesion-de-mentoria-comunicacion-2022\/\" \/>\n<meta property=\"og:site_name\" content=\"Kaanbal Suut\" \/>\n<meta property=\"article:modified_time\" content=\"2023-05-30T17:17:23+00:00\" \/>\n<meta property=\"og:image\" content=\"https:\/\/kaanbalsuut.mx\/wp-content\/uploads\/2022\/06\/recursosadicionales.png\" \/>\n<meta name=\"twitter:card\" content=\"summary_large_image\" \/>\n<meta name=\"twitter:label1\" content=\"Est. reading time\" \/>\n\t<meta name=\"twitter:data1\" content=\"1 minute\" \/>\n<script type=\"application\/ld+json\" class=\"yoast-schema-graph\">{\"@context\":\"https:\/\/schema.org\",\"@graph\":[{\"@type\":\"WebPage\",\"@id\":\"https:\/\/kaanbalsuut.mx\/sesion-de-mentoria-comunicacion-2022\/\",\"url\":\"https:\/\/kaanbalsuut.mx\/sesion-de-mentoria-comunicacion-2022\/\",\"name\":\"Sesi\u00f3n de Mentor\u00eda - Comunicaci\u00f3n 2022 | Kaanbal Suut\",\"isPartOf\":{\"@id\":\"https:\/\/kaanbalsuut.mx\/#website\"},\"primaryImageOfPage\":{\"@id\":\"https:\/\/kaanbalsuut.mx\/sesion-de-mentoria-comunicacion-2022\/#primaryimage\"},\"image\":{\"@id\":\"https:\/\/kaanbalsuut.mx\/sesion-de-mentoria-comunicacion-2022\/#primaryimage\"},\"thumbnailUrl\":\"https:\/\/kaanbalsuut.mx\/wp-content\/uploads\/2022\/06\/recursosadicionales.png\",\"datePublished\":\"2023-05-29T21:26:20+00:00\",\"dateModified\":\"2023-05-30T17:17:23+00:00\",\"description\":\"Programa de Fortalecimiento de Capacidades Internas y Liderazgo para las Organizaciones de la Sociedad Civil en la Pen\u00ednsula de Yucat\u00e1n.\",\"breadcrumb\":{\"@id\":\"https:\/\/kaanbalsuut.mx\/sesion-de-mentoria-comunicacion-2022\/#breadcrumb\"},\"inLanguage\":\"en-US\",\"potentialAction\":[{\"@type\":\"ReadAction\",\"target\":[\"https:\/\/kaanbalsuut.mx\/sesion-de-mentoria-comunicacion-2022\/\"]}]},{\"@type\":\"ImageObject\",\"inLanguage\":\"en-US\",\"@id\":\"https:\/\/kaanbalsuut.mx\/sesion-de-mentoria-comunicacion-2022\/#primaryimage\",\"url\":\"https:\/\/kaanbalsuut.mx\/wp-content\/uploads\/2022\/06\/recursosadicionales.png\",\"contentUrl\":\"https:\/\/kaanbalsuut.mx\/wp-content\/uploads\/2022\/06\/recursosadicionales.png\"},{\"@type\":\"BreadcrumbList\",\"@id\":\"https:\/\/kaanbalsuut.mx\/sesion-de-mentoria-comunicacion-2022\/#breadcrumb\",\"itemListElement\":[{\"@type\":\"ListItem\",\"position\":1,\"name\":\"Portada\",\"item\":\"https:\/\/kaanbalsuut.mx\/\"},{\"@type\":\"ListItem\",\"position\":2,\"name\":\"Sesi\u00f3n de Mentor\u00eda &#8211; Comunicaci\u00f3n 2022\"}]},{\"@type\":\"WebSite\",\"@id\":\"https:\/\/kaanbalsuut.mx\/#website\",\"url\":\"https:\/\/kaanbalsuut.mx\/\",\"name\":\"Kaanbal Suut\",\"description\":\"Fortaleciendo a las organizaciones\",\"publisher\":{\"@id\":\"https:\/\/kaanbalsuut.mx\/#organization\"},\"potentialAction\":[{\"@type\":\"SearchAction\",\"target\":{\"@type\":\"EntryPoint\",\"urlTemplate\":\"https:\/\/kaanbalsuut.mx\/?s={search_term_string}\"},\"query-input\":{\"@type\":\"PropertyValueSpecification\",\"valueRequired\":true,\"valueName\":\"search_term_string\"}}],\"inLanguage\":\"en-US\"},{\"@type\":\"Organization\",\"@id\":\"https:\/\/kaanbalsuut.mx\/#organization\",\"name\":\"Kaanbal Suut\",\"url\":\"https:\/\/kaanbalsuut.mx\/\",\"logo\":{\"@type\":\"ImageObject\",\"inLanguage\":\"en-US\",\"@id\":\"https:\/\/kaanbalsuut.mx\/#\/schema\/logo\/image\/\",\"url\":\"https:\/\/kaanbalsuut.mx\/wp-content\/uploads\/2022\/05\/cropped-cropped-header.png\",\"contentUrl\":\"https:\/\/kaanbalsuut.mx\/wp-content\/uploads\/2022\/05\/cropped-cropped-header.png\",\"width\":158,\"height\":100,\"caption\":\"Kaanbal Suut\"},\"image\":{\"@id\":\"https:\/\/kaanbalsuut.mx\/#\/schema\/logo\/image\/\"}}]}<\/script>\n<!-- \/ Yoast SEO plugin. -->","yoast_head_json":{"title":"Sesi\u00f3n de Mentor\u00eda - Comunicaci\u00f3n 2022 | Kaanbal Suut","description":"Programa de Fortalecimiento de Capacidades Internas y Liderazgo para las Organizaciones de la Sociedad Civil en la Pen\u00ednsula de Yucat\u00e1n.","robots":{"index":"index","follow":"follow","max-snippet":"max-snippet:-1","max-image-preview":"max-image-preview:large","max-video-preview":"max-video-preview:-1"},"canonical":"https:\/\/kaanbalsuut.mx\/en\/sesion-de-mentoria-comunicacion-2022\/","og_locale":"en_US","og_type":"article","og_title":"Sesi\u00f3n de Mentor\u00eda - Comunicaci\u00f3n 2022 | Kaanbal Suut","og_description":"Programa de Fortalecimiento de Capacidades Internas y Liderazgo para las Organizaciones de la Sociedad Civil en la Pen\u00ednsula de Yucat\u00e1n.","og_url":"https:\/\/kaanbalsuut.mx\/en\/sesion-de-mentoria-comunicacion-2022\/","og_site_name":"Kaanbal Suut","article_modified_time":"2023-05-30T17:17:23+00:00","og_image":[{"url":"https:\/\/kaanbalsuut.mx\/wp-content\/uploads\/2022\/06\/recursosadicionales.png","type":"","width":"","height":""}],"twitter_card":"summary_large_image","twitter_misc":{"Est. reading time":"1 minute"},"schema":{"@context":"https:\/\/schema.org","@graph":[{"@type":"WebPage","@id":"https:\/\/kaanbalsuut.mx\/sesion-de-mentoria-comunicacion-2022\/","url":"https:\/\/kaanbalsuut.mx\/sesion-de-mentoria-comunicacion-2022\/","name":"Sesi\u00f3n de Mentor\u00eda - Comunicaci\u00f3n 2022 | Kaanbal Suut","isPartOf":{"@id":"https:\/\/kaanbalsuut.mx\/#website"},"primaryImageOfPage":{"@id":"https:\/\/kaanbalsuut.mx\/sesion-de-mentoria-comunicacion-2022\/#primaryimage"},"image":{"@id":"https:\/\/kaanbalsuut.mx\/sesion-de-mentoria-comunicacion-2022\/#primaryimage"},"thumbnailUrl":"https:\/\/kaanbalsuut.mx\/wp-content\/uploads\/2022\/06\/recursosadicionales.png","datePublished":"2023-05-29T21:26:20+00:00","dateModified":"2023-05-30T17:17:23+00:00","description":"Programa de Fortalecimiento de Capacidades Internas y Liderazgo para las Organizaciones de la Sociedad Civil en la Pen\u00ednsula de Yucat\u00e1n.","breadcrumb":{"@id":"https:\/\/kaanbalsuut.mx\/sesion-de-mentoria-comunicacion-2022\/#breadcrumb"},"inLanguage":"en-US","potentialAction":[{"@type":"ReadAction","target":["https:\/\/kaanbalsuut.mx\/sesion-de-mentoria-comunicacion-2022\/"]}]},{"@type":"ImageObject","inLanguage":"en-US","@id":"https:\/\/kaanbalsuut.mx\/sesion-de-mentoria-comunicacion-2022\/#primaryimage","url":"https:\/\/kaanbalsuut.mx\/wp-content\/uploads\/2022\/06\/recursosadicionales.png","contentUrl":"https:\/\/kaanbalsuut.mx\/wp-content\/uploads\/2022\/06\/recursosadicionales.png"},{"@type":"BreadcrumbList","@id":"https:\/\/kaanbalsuut.mx\/sesion-de-mentoria-comunicacion-2022\/#breadcrumb","itemListElement":[{"@type":"ListItem","position":1,"name":"Portada","item":"https:\/\/kaanbalsuut.mx\/"},{"@type":"ListItem","position":2,"name":"Sesi\u00f3n de Mentor\u00eda &#8211; Comunicaci\u00f3n 2022"}]},{"@type":"WebSite","@id":"https:\/\/kaanbalsuut.mx\/#website","url":"https:\/\/kaanbalsuut.mx\/","name":"Kaanbal Suut","description":"Fortaleciendo a las organizaciones","publisher":{"@id":"https:\/\/kaanbalsuut.mx\/#organization"},"potentialAction":[{"@type":"SearchAction","target":{"@type":"EntryPoint","urlTemplate":"https:\/\/kaanbalsuut.mx\/?s={search_term_string}"},"query-input":{"@type":"PropertyValueSpecification","valueRequired":true,"valueName":"search_term_string"}}],"inLanguage":"en-US"},{"@type":"Organization","@id":"https:\/\/kaanbalsuut.mx\/#organization","name":"Kaanbal Suut","url":"https:\/\/kaanbalsuut.mx\/","logo":{"@type":"ImageObject","inLanguage":"en-US","@id":"https:\/\/kaanbalsuut.mx\/#\/schema\/logo\/image\/","url":"https:\/\/kaanbalsuut.mx\/wp-content\/uploads\/2022\/05\/cropped-cropped-header.png","contentUrl":"https:\/\/kaanbalsuut.mx\/wp-content\/uploads\/2022\/05\/cropped-cropped-header.png","width":158,"height":100,"caption":"Kaanbal Suut"},"image":{"@id":"https:\/\/kaanbalsuut.mx\/#\/schema\/logo\/image\/"}}]}},"_links":{"self":[{"href":"https:\/\/kaanbalsuut.mx\/en\/wp-json\/wp\/v2\/pages\/4261","targetHints":{"allow":["GET"]}}],"collection":[{"href":"https:\/\/kaanbalsuut.mx\/en\/wp-json\/wp\/v2\/pages"}],"about":[{"href":"https:\/\/kaanbalsuut.mx\/en\/wp-json\/wp\/v2\/types\/page"}],"author":[{"embeddable":true,"href":"https:\/\/kaanbalsuut.mx\/en\/wp-json\/wp\/v2\/users\/1"}],"replies":[{"embeddable":true,"href":"https:\/\/kaanbalsuut.mx\/en\/wp-json\/wp\/v2\/comments?post=4261"}],"version-history":[{"count":0,"href":"https:\/\/kaanbalsuut.mx\/en\/wp-json\/wp\/v2\/pages\/4261\/revisions"}],"wp:attachment":[{"href":"https:\/\/kaanbalsuut.mx\/en\/wp-json\/wp\/v2\/media?parent=4261"}],"curies":[{"name":"wp","href":"https:\/\/api.w.org\/{rel}","templated":true}]}}