{"id":4079,"date":"2023-05-25T22:49:26","date_gmt":"2023-05-25T22:49:26","guid":{"rendered":"https:\/\/kaanbalsuut.mx\/?page_id=4079"},"modified":"2023-05-25T23:03:21","modified_gmt":"2023-05-25T23:03:21","slug":"sesion-de-trabajo-recursos-humanos-2022","status":"publish","type":"page","link":"https:\/\/kaanbalsuut.mx\/en\/sesion-de-trabajo-recursos-humanos-2022\/","title":{"rendered":"Sesi\u00f3n de Trabajo &#8211; Recursos Humanos 2022"},"content":{"rendered":"<div data-elementor-type=\"wp-page\" data-elementor-id=\"4079\" class=\"elementor elementor-4079\">\n\t\t\t\t\t\t<section class=\"elementor-section elementor-top-section elementor-element elementor-element-2983f12 elementor-section-boxed elementor-section-height-default elementor-section-height-default\" data-id=\"2983f12\" data-element_type=\"section\" data-e-type=\"section\">\n\t\t\t\t\t\t<div class=\"elementor-container elementor-column-gap-default\">\n\t\t\t\t\t<div class=\"elementor-column elementor-col-100 elementor-top-column elementor-element elementor-element-fd59c11\" data-id=\"fd59c11\" data-element_type=\"column\" data-e-type=\"column\">\n\t\t\t<div class=\"elementor-widget-wrap elementor-element-populated\">\n\t\t\t\t\t\t<div class=\"elementor-element elementor-element-110d90d elementor-widget elementor-widget-video\" data-id=\"110d90d\" data-element_type=\"widget\" data-e-type=\"widget\" data-settings=\"{&quot;youtube_url&quot;:&quot;https:\\\/\\\/youtu.be\\\/-aNnBWvDms8&quot;,&quot;video_type&quot;:&quot;youtube&quot;,&quot;controls&quot;:&quot;yes&quot;}\" data-widget_type=\"video.default\">\n\t\t\t\t<div class=\"elementor-widget-container\">\n\t\t\t\t\t\t\t<div class=\"elementor-wrapper elementor-open-inline\">\n\t\t\t<div class=\"elementor-video\"><\/div>\t\t<\/div>\n\t\t\t\t\t\t<\/div>\n\t\t\t\t<\/div>\n\t\t\t\t\t<\/div>\n\t\t<\/div>\n\t\t\t\t\t<\/div>\n\t\t<\/section>\n\t\t\t\t<section class=\"elementor-section elementor-top-section elementor-element elementor-element-803aa11 elementor-section-boxed elementor-section-height-default elementor-section-height-default\" data-id=\"803aa11\" data-element_type=\"section\" data-e-type=\"section\">\n\t\t\t\t\t\t<div class=\"elementor-container elementor-column-gap-default\">\n\t\t\t\t\t<div class=\"elementor-column elementor-col-100 elementor-top-column elementor-element elementor-element-7c96afd2\" data-id=\"7c96afd2\" data-element_type=\"column\" data-e-type=\"column\">\n\t\t\t<div class=\"elementor-widget-wrap elementor-element-populated\">\n\t\t\t\t\t\t<div class=\"elementor-element elementor-element-71023291 elementor-widget-divider--view-line elementor-widget elementor-widget-divider\" data-id=\"71023291\" data-element_type=\"widget\" data-e-type=\"widget\" data-widget_type=\"divider.default\">\n\t\t\t\t<div class=\"elementor-widget-container\">\n\t\t\t\t\t\t\t<div class=\"elementor-divider\">\n\t\t\t<span class=\"elementor-divider-separator\">\n\t\t\t\t\t\t<\/span>\n\t\t<\/div>\n\t\t\t\t\t\t<\/div>\n\t\t\t\t<\/div>\n\t\t\t\t<section class=\"elementor-section elementor-inner-section elementor-element elementor-element-1778193b elementor-section-boxed elementor-section-height-default elementor-section-height-default\" data-id=\"1778193b\" data-element_type=\"section\" data-e-type=\"section\">\n\t\t\t\t\t\t<div class=\"elementor-container elementor-column-gap-default\">\n\t\t\t\t\t<div class=\"elementor-column elementor-col-100 elementor-inner-column elementor-element elementor-element-722d5c59\" data-id=\"722d5c59\" data-element_type=\"column\" data-e-type=\"column\">\n\t\t\t<div class=\"elementor-widget-wrap elementor-element-populated\">\n\t\t\t\t\t\t<div class=\"elementor-element elementor-element-b5195e4 premium-testimonial__skin1 elementor-widget elementor-widget-premium-addon-testimonials\" data-id=\"b5195e4\" data-element_type=\"widget\" data-e-type=\"widget\" data-settings=\"{&quot;skin&quot;:&quot;skin1&quot;,&quot;img_position&quot;:&quot;relative&quot;,&quot;arrows_lq_effect&quot;:&quot;none&quot;}\" data-widget_type=\"premium-addon-testimonials.default\">\n\t\t\t\t<div class=\"elementor-widget-container\">\n\t\t\t\t\t\n\t\t\n\t\t<div class=\"premium-testimonial-box\">\n\n\t\t\t\n\t\t\t\t<div class=\"premium-testimonial-container\">\n\n\t\t\t\t\t\t\t\t\t\t\t<div class=\"premium-testimonial-upper-quote\">\n\t\t\t\t\t\t\t<svg id=\"Layer_1\" class=\"premium-testimonial-quote\" xmlns=\"http:\/\/www.w3.org\/2000\/svg\" aria-hidden=\"true\" width=\"48\" height=\"37\" viewbox=\"0 0 48 37\"><path d=\"m37,37c6.07,0,11-4.93,11-11s-4.93-11-11-11c-.32,0-.63.02-.94.05.54-4.81,2.18-9.43,4.79-13.52.19-.31.2-.7.03-1.01-.18-.32-.51-.52-.88-.52h-2c-.27,0-.54.11-.73.31-5.14,5.41-11.27,14.26-11.27,25.69,0,6.07,4.93,10.99,11,11h0Zm-26,0c6.07,0,11-4.93,11-11s-4.93-11-11-11c-.32,0-.63.02-.94.05.54-4.81,2.18-9.43,4.79-13.52.19-.31.2-.7.03-1.01-.18-.32-.51-.52-.87-.52h-2c-.27,0-.54.11-.73.31C6.13,5.72,0,14.57,0,26c0,6.07,4.93,10.99,11,11h0Zm0,0\"\/><\/svg>\t\t\t\t\t\t<\/div>\n\t\t\t\t\t\n\t\t\t\t\t<div class=\"premium-testimonial-content-wrapper\">\n\n\t\t\t\t\t\t\n\t\t\t\t\t\t<div class=\"premium-testimonial-text-wrapper\">\n\t\t\t\t\t\t\t<div >\n\t\t\t\t\t\t\t\t<p><em>&#8220;Detr\u00e1s de los resultados de las organizaciones, est\u00e1 un equipo comprometido, identificado y contagiado de la pasi\u00f3n de contribuir a la causa&#8221;<\/em>.<\/p>\t\t\t\t\t\t\t<\/div>\n\t\t\t\t\t\t<\/div>\n\n\t\t\t\t\t\t\n\t\t\t\t\t\t\n\n\t\t\t\t\t\t\t\n\n\t\t\t\t\t\t\t<div class=\"premium-testimonial-author-info\">\n\t\t\t\t\t\t\t\t<h4 class=\"premium-testimonial-person-name\">\n\t\t\t\t\t\t\t\t\t<span >\n\t\t\t\t\t\t\t\t\t\tMarcela G\u00f3mez\t\t\t\t\t\t\t\t\t<\/span>\n\t\t\t\t\t\t\t\t<\/h4>\n\n\t\t\t\t\t\t\t\t\t\t\t\t\t\t\t<\/div>\n\n\t\t\t\t\t\t\n\t\t\t\t\t<\/div>\n\n\t\t\t\t\t\t\t\t\t\t\t<div class=\"premium-testimonial-lower-quote\">\n\t\t\t\t\t\t\t<svg id=\"Layer_1\" class=\"premium-testimonial-quote\" xmlns=\"http:\/\/www.w3.org\/2000\/svg\" aria-hidden=\"true\" width=\"48\" height=\"37\" viewbox=\"0 0 48 37\"><path d=\"m37,37c6.07,0,11-4.93,11-11s-4.93-11-11-11c-.32,0-.63.02-.94.05.54-4.81,2.18-9.43,4.79-13.52.19-.31.2-.7.03-1.01-.18-.32-.51-.52-.88-.52h-2c-.27,0-.54.11-.73.31-5.14,5.41-11.27,14.26-11.27,25.69,0,6.07,4.93,10.99,11,11h0Zm-26,0c6.07,0,11-4.93,11-11s-4.93-11-11-11c-.32,0-.63.02-.94.05.54-4.81,2.18-9.43,4.79-13.52.19-.31.2-.7.03-1.01-.18-.32-.51-.52-.87-.52h-2c-.27,0-.54.11-.73.31C6.13,5.72,0,14.57,0,26c0,6.07,4.93,10.99,11,11h0Zm0,0\"\/><\/svg>\t\t\t\t\t\t<\/div>\n\t\t\t\t\t\t\t\t\t<\/div>\n\n\t\t\t\n\n\t\t<\/div>\n\t\t\t\t\t\t<\/div>\n\t\t\t\t<\/div>\n\t\t\t\t\t<\/div>\n\t\t<\/div>\n\t\t\t\t\t<\/div>\n\t\t<\/section>\n\t\t\t\t\t<\/div>\n\t\t<\/div>\n\t\t\t\t\t<\/div>\n\t\t<\/section>\n\t\t\t\t<section class=\"elementor-section elementor-top-section elementor-element elementor-element-3d989d4 elementor-section-boxed elementor-section-height-default elementor-section-height-default\" data-id=\"3d989d4\" data-element_type=\"section\" data-e-type=\"section\">\n\t\t\t\t\t\t<div class=\"elementor-container elementor-column-gap-default\">\n\t\t\t\t\t<div class=\"elementor-column elementor-col-33 elementor-top-column elementor-element elementor-element-04de92a\" data-id=\"04de92a\" data-element_type=\"column\" data-e-type=\"column\">\n\t\t\t<div class=\"elementor-widget-wrap elementor-element-populated\">\n\t\t\t\t\t\t<div class=\"elementor-element elementor-element-9ee5176 premium-lq__none elementor-widget elementor-widget-premium-addon-button\" data-id=\"9ee5176\" data-element_type=\"widget\" data-e-type=\"widget\" data-widget_type=\"premium-addon-button.default\">\n\t\t\t\t<div class=\"elementor-widget-container\">\n\t\t\t\t\t\r\n\r\n\t\t<a class=\"premium-button premium-button-style7 premium-btn-md premium-button-style7-bottom\" href=\"https:\/\/kaanbalsuut.mx\/en\/trabajo-previo-recursos-humanos-2022\/\">\r\n\t\t\t<div class=\"premium-button-text-icon-wrapper\">\r\n\t\t\t\t\r\n\t\t\t\t\t\t\t\t\t\t\t\t\t\t\t\t\t\t<i aria-hidden=\"true\" class=\"premium-drawable-icon premium-svg-nodraw icon icon-left-arrows\"><\/i>\t\t\t\t\t\t\t\t\t\t\t\t\t\t\t\r\n\t\t\t\t\t\t\t\t\t<span >\r\n\t\t\t\t\t\tLecci\u00f3n previa\t\t\t\t\t<\/span>\r\n\t\t\t\t\t\t\t<\/div>\r\n\r\n\t\t\t\r\n\t\t\t\r\n\t\t\t\r\n\t\t<\/a>\r\n\r\n\r\n\t\t\t\t\t\t<\/div>\n\t\t\t\t<\/div>\n\t\t\t\t\t<\/div>\n\t\t<\/div>\n\t\t\t\t<div class=\"elementor-column elementor-col-33 elementor-top-column elementor-element elementor-element-c3b42cc\" data-id=\"c3b42cc\" data-element_type=\"column\" data-e-type=\"column\">\n\t\t\t<div class=\"elementor-widget-wrap elementor-element-populated\">\n\t\t\t\t\t\t<div class=\"elementor-element elementor-element-29d196c premium-lq__none elementor-widget elementor-widget-premium-addon-button\" data-id=\"29d196c\" data-element_type=\"widget\" data-e-type=\"widget\" data-widget_type=\"premium-addon-button.default\">\n\t\t\t\t<div class=\"elementor-widget-container\">\n\t\t\t\t\t\r\n\r\n\t\t<a class=\"premium-button premium-button-style7 premium-btn-md premium-button-style7-bottom\" href=\"https:\/\/kaanbalsuut.mx\/en\/recursos-humanos-2022\/\">\r\n\t\t\t<div class=\"premium-button-text-icon-wrapper\">\r\n\t\t\t\t\r\n\t\t\t\t\t\t\t\t\t\t\t\t\t\t\t\t\t\t<i aria-hidden=\"true\" class=\"premium-drawable-icon premium-svg-nodraw icon icon-left-arrows\"><\/i>\t\t\t\t\t\t\t\t\t\t\t\t\t\t\t\r\n\t\t\t\t\t\t\t\t\t<span >\r\n\t\t\t\t\t\tRegresar al m\u00f3dulo\t\t\t\t\t<\/span>\r\n\t\t\t\t\t\t\t<\/div>\r\n\r\n\t\t\t\r\n\t\t\t\r\n\t\t\t\r\n\t\t<\/a>\r\n\r\n\r\n\t\t\t\t\t\t<\/div>\n\t\t\t\t<\/div>\n\t\t\t\t\t<\/div>\n\t\t<\/div>\n\t\t\t\t<div class=\"elementor-column elementor-col-33 elementor-top-column elementor-element elementor-element-76fffc3\" data-id=\"76fffc3\" data-element_type=\"column\" data-e-type=\"column\">\n\t\t\t<div class=\"elementor-widget-wrap elementor-element-populated\">\n\t\t\t\t\t\t<div class=\"elementor-element elementor-element-28c9bbe premium-lq__none elementor-widget elementor-widget-premium-addon-button\" data-id=\"28c9bbe\" data-element_type=\"widget\" data-e-type=\"widget\" data-widget_type=\"premium-addon-button.default\">\n\t\t\t\t<div class=\"elementor-widget-container\">\n\t\t\t\t\t\r\n\r\n\t\t<a class=\"premium-button premium-button-style7 premium-btn-md premium-button-style7-bottom\" href=\"https:\/\/kaanbalsuut.mx\/en\/ejercicio-libre-recursos-humanos-2022\/\">\r\n\t\t\t<div class=\"premium-button-text-icon-wrapper\">\r\n\t\t\t\t\r\n\t\t\t\t\t\t\t\t\t\t\t\t\t\t\t\t\t\t<i aria-hidden=\"true\" class=\"premium-drawable-icon premium-svg-nodraw icon icon-right-arrow1\"><\/i>\t\t\t\t\t\t\t\t\t\t\t\t\t\t\t\r\n\t\t\t\t\t\t\t\t\t<span >\r\n\t\t\t\t\t\tSiguiente lecci\u00f3n\t\t\t\t\t<\/span>\r\n\t\t\t\t\t\t\t<\/div>\r\n\r\n\t\t\t\r\n\t\t\t\r\n\t\t\t\r\n\t\t<\/a>\r\n\r\n\r\n\t\t\t\t\t\t<\/div>\n\t\t\t\t<\/div>\n\t\t\t\t\t<\/div>\n\t\t<\/div>\n\t\t\t\t\t<\/div>\n\t\t<\/section>\n\t\t\t\t<\/div>","protected":false},"excerpt":{"rendered":"<p>&#8220;Detr\u00e1s de los resultados de las organizaciones, est\u00e1 un equipo comprometido, identificado y contagiado de la pasi\u00f3n de contribuir a la causa&#8221;. Marcela G\u00f3mez &#8211; Lecci\u00f3n previa Regresar al m\u00f3dulo Siguiente lecci\u00f3n<\/p>","protected":false},"author":1,"featured_media":0,"parent":0,"menu_order":0,"comment_status":"closed","ping_status":"closed","template":"","meta":{"site-sidebar-layout":"no-sidebar","site-content-layout":"page-builder","ast-site-content-layout":"","site-content-style":"default","site-sidebar-style":"default","ast-global-header-display":"","ast-banner-title-visibility":"","ast-main-header-display":"","ast-hfb-above-header-display":"","ast-hfb-below-header-display":"","ast-hfb-mobile-header-display":"","site-post-title":"disabled","ast-breadcrumbs-content":"","ast-featured-img":"disabled","footer-sml-layout":"","theme-transparent-header-meta":"","adv-header-id-meta":null,"stick-header-meta":null,"header-above-stick-meta":null,"header-main-stick-meta":null,"header-below-stick-meta":null,"astra-migrate-meta-layouts":"","ast-page-background-enabled":"default","ast-page-background-meta":{"desktop":{"background-color":"var(--ast-global-color-4)","background-image":"","background-repeat":"repeat","background-position":"center center","background-size":"auto","background-attachment":"scroll","background-type":"","background-media":"","overlay-type":"","overlay-color":"","overlay-gradient":""},"tablet":{"background-color":"","background-image":"","background-repeat":"repeat","background-position":"center center","background-size":"auto","background-attachment":"scroll","background-type":"","background-media":"","overlay-type":"","overlay-color":"","overlay-gradient":""},"mobile":{"background-color":"","background-image":"","background-repeat":"repeat","background-position":"center center","background-size":"auto","background-attachment":"scroll","background-type":"","background-media":"","overlay-type":"","overlay-color":"","overlay-gradient":""}},"ast-content-background-meta":{"desktop":{"background-color":"var(--ast-global-color-5)","background-image":"","background-repeat":"repeat","background-position":"center center","background-size":"auto","background-attachment":"scroll","background-type":"","background-media":"","overlay-type":"","overlay-color":"","overlay-gradient":""},"tablet":{"background-color":"var(--ast-global-color-5)","background-image":"","background-repeat":"repeat","background-position":"center center","background-size":"auto","background-attachment":"scroll","background-type":"","background-media":"","overlay-type":"","overlay-color":"","overlay-gradient":""},"mobile":{"background-color":"var(--ast-global-color-5)","background-image":"","background-repeat":"repeat","background-position":"center center","background-size":"auto","background-attachment":"scroll","background-type":"","background-media":"","overlay-type":"","overlay-color":"","overlay-gradient":""}},"footnotes":""},"class_list":["post-4079","page","type-page","status-publish","hentry"],"yoast_head":"<!-- This site is optimized with the Yoast SEO plugin v26.9 - https:\/\/yoast.com\/product\/yoast-seo-wordpress\/ -->\n<title>Sesi\u00f3n de Trabajo - Recursos Humanos 2022 | Kaanbal Suut<\/title>\n<meta name=\"description\" content=\"Programa de Fortalecimiento de Capacidades Internas y Liderazgo para las Organizaciones de la Sociedad Civil en la Pen\u00ednsula de Yucat\u00e1n.\" \/>\n<meta name=\"robots\" content=\"index, follow, max-snippet:-1, max-image-preview:large, max-video-preview:-1\" \/>\n<link rel=\"canonical\" href=\"https:\/\/kaanbalsuut.mx\/en\/sesion-de-trabajo-recursos-humanos-2022\/\" \/>\n<meta property=\"og:locale\" content=\"en_US\" \/>\n<meta property=\"og:type\" content=\"article\" \/>\n<meta property=\"og:title\" content=\"Sesi\u00f3n de Trabajo - Recursos Humanos 2022 | Kaanbal Suut\" \/>\n<meta property=\"og:description\" content=\"Programa de Fortalecimiento de Capacidades Internas y Liderazgo para las Organizaciones de la Sociedad Civil en la Pen\u00ednsula de Yucat\u00e1n.\" \/>\n<meta property=\"og:url\" content=\"https:\/\/kaanbalsuut.mx\/en\/sesion-de-trabajo-recursos-humanos-2022\/\" \/>\n<meta property=\"og:site_name\" content=\"Kaanbal Suut\" \/>\n<meta property=\"article:modified_time\" content=\"2023-05-25T23:03:21+00:00\" \/>\n<meta property=\"og:image\" content=\"https:\/\/kaanbalsuut.mx\/wp-content\/uploads\/2022\/05\/LogoFinal_KaanbalSuut.png\" \/>\n\t<meta property=\"og:image:width\" content=\"1945\" \/>\n\t<meta property=\"og:image:height\" content=\"1495\" \/>\n\t<meta property=\"og:image:type\" content=\"image\/png\" \/>\n<meta name=\"twitter:card\" content=\"summary_large_image\" \/>\n<meta name=\"twitter:label1\" content=\"Est. reading time\" \/>\n\t<meta name=\"twitter:data1\" content=\"1 minute\" \/>\n<script type=\"application\/ld+json\" class=\"yoast-schema-graph\">{\"@context\":\"https:\/\/schema.org\",\"@graph\":[{\"@type\":\"WebPage\",\"@id\":\"https:\/\/kaanbalsuut.mx\/sesion-de-trabajo-recursos-humanos-2022\/\",\"url\":\"https:\/\/kaanbalsuut.mx\/sesion-de-trabajo-recursos-humanos-2022\/\",\"name\":\"Sesi\u00f3n de Trabajo - Recursos Humanos 2022 | Kaanbal Suut\",\"isPartOf\":{\"@id\":\"https:\/\/kaanbalsuut.mx\/#website\"},\"datePublished\":\"2023-05-25T22:49:26+00:00\",\"dateModified\":\"2023-05-25T23:03:21+00:00\",\"description\":\"Programa de Fortalecimiento de Capacidades Internas y Liderazgo para las Organizaciones de la Sociedad Civil en la Pen\u00ednsula de Yucat\u00e1n.\",\"breadcrumb\":{\"@id\":\"https:\/\/kaanbalsuut.mx\/sesion-de-trabajo-recursos-humanos-2022\/#breadcrumb\"},\"inLanguage\":\"en-US\",\"potentialAction\":[{\"@type\":\"ReadAction\",\"target\":[\"https:\/\/kaanbalsuut.mx\/sesion-de-trabajo-recursos-humanos-2022\/\"]}]},{\"@type\":\"BreadcrumbList\",\"@id\":\"https:\/\/kaanbalsuut.mx\/sesion-de-trabajo-recursos-humanos-2022\/#breadcrumb\",\"itemListElement\":[{\"@type\":\"ListItem\",\"position\":1,\"name\":\"Portada\",\"item\":\"https:\/\/kaanbalsuut.mx\/\"},{\"@type\":\"ListItem\",\"position\":2,\"name\":\"Sesi\u00f3n de Trabajo &#8211; Recursos Humanos 2022\"}]},{\"@type\":\"WebSite\",\"@id\":\"https:\/\/kaanbalsuut.mx\/#website\",\"url\":\"https:\/\/kaanbalsuut.mx\/\",\"name\":\"Kaanbal Suut\",\"description\":\"Fortaleciendo a las organizaciones\",\"publisher\":{\"@id\":\"https:\/\/kaanbalsuut.mx\/#organization\"},\"potentialAction\":[{\"@type\":\"SearchAction\",\"target\":{\"@type\":\"EntryPoint\",\"urlTemplate\":\"https:\/\/kaanbalsuut.mx\/?s={search_term_string}\"},\"query-input\":{\"@type\":\"PropertyValueSpecification\",\"valueRequired\":true,\"valueName\":\"search_term_string\"}}],\"inLanguage\":\"en-US\"},{\"@type\":\"Organization\",\"@id\":\"https:\/\/kaanbalsuut.mx\/#organization\",\"name\":\"Kaanbal Suut\",\"url\":\"https:\/\/kaanbalsuut.mx\/\",\"logo\":{\"@type\":\"ImageObject\",\"inLanguage\":\"en-US\",\"@id\":\"https:\/\/kaanbalsuut.mx\/#\/schema\/logo\/image\/\",\"url\":\"https:\/\/kaanbalsuut.mx\/wp-content\/uploads\/2022\/05\/cropped-cropped-header.png\",\"contentUrl\":\"https:\/\/kaanbalsuut.mx\/wp-content\/uploads\/2022\/05\/cropped-cropped-header.png\",\"width\":158,\"height\":100,\"caption\":\"Kaanbal Suut\"},\"image\":{\"@id\":\"https:\/\/kaanbalsuut.mx\/#\/schema\/logo\/image\/\"}}]}<\/script>\n<!-- \/ Yoast SEO plugin. -->","yoast_head_json":{"title":"Sesi\u00f3n de Trabajo - Recursos Humanos 2022 | Kaanbal Suut","description":"Programa de Fortalecimiento de Capacidades Internas y Liderazgo para las Organizaciones de la Sociedad Civil en la Pen\u00ednsula de Yucat\u00e1n.","robots":{"index":"index","follow":"follow","max-snippet":"max-snippet:-1","max-image-preview":"max-image-preview:large","max-video-preview":"max-video-preview:-1"},"canonical":"https:\/\/kaanbalsuut.mx\/en\/sesion-de-trabajo-recursos-humanos-2022\/","og_locale":"en_US","og_type":"article","og_title":"Sesi\u00f3n de Trabajo - Recursos Humanos 2022 | Kaanbal Suut","og_description":"Programa de Fortalecimiento de Capacidades Internas y Liderazgo para las Organizaciones de la Sociedad Civil en la Pen\u00ednsula de Yucat\u00e1n.","og_url":"https:\/\/kaanbalsuut.mx\/en\/sesion-de-trabajo-recursos-humanos-2022\/","og_site_name":"Kaanbal Suut","article_modified_time":"2023-05-25T23:03:21+00:00","og_image":[{"width":1945,"height":1495,"url":"https:\/\/kaanbalsuut.mx\/wp-content\/uploads\/2022\/05\/LogoFinal_KaanbalSuut.png","type":"image\/png"}],"twitter_card":"summary_large_image","twitter_misc":{"Est. reading time":"1 minute"},"schema":{"@context":"https:\/\/schema.org","@graph":[{"@type":"WebPage","@id":"https:\/\/kaanbalsuut.mx\/sesion-de-trabajo-recursos-humanos-2022\/","url":"https:\/\/kaanbalsuut.mx\/sesion-de-trabajo-recursos-humanos-2022\/","name":"Sesi\u00f3n de Trabajo - Recursos Humanos 2022 | Kaanbal Suut","isPartOf":{"@id":"https:\/\/kaanbalsuut.mx\/#website"},"datePublished":"2023-05-25T22:49:26+00:00","dateModified":"2023-05-25T23:03:21+00:00","description":"Programa de Fortalecimiento de Capacidades Internas y Liderazgo para las Organizaciones de la Sociedad Civil en la Pen\u00ednsula de Yucat\u00e1n.","breadcrumb":{"@id":"https:\/\/kaanbalsuut.mx\/sesion-de-trabajo-recursos-humanos-2022\/#breadcrumb"},"inLanguage":"en-US","potentialAction":[{"@type":"ReadAction","target":["https:\/\/kaanbalsuut.mx\/sesion-de-trabajo-recursos-humanos-2022\/"]}]},{"@type":"BreadcrumbList","@id":"https:\/\/kaanbalsuut.mx\/sesion-de-trabajo-recursos-humanos-2022\/#breadcrumb","itemListElement":[{"@type":"ListItem","position":1,"name":"Portada","item":"https:\/\/kaanbalsuut.mx\/"},{"@type":"ListItem","position":2,"name":"Sesi\u00f3n de Trabajo &#8211; Recursos Humanos 2022"}]},{"@type":"WebSite","@id":"https:\/\/kaanbalsuut.mx\/#website","url":"https:\/\/kaanbalsuut.mx\/","name":"Kaanbal Suut","description":"Fortaleciendo a las organizaciones","publisher":{"@id":"https:\/\/kaanbalsuut.mx\/#organization"},"potentialAction":[{"@type":"SearchAction","target":{"@type":"EntryPoint","urlTemplate":"https:\/\/kaanbalsuut.mx\/?s={search_term_string}"},"query-input":{"@type":"PropertyValueSpecification","valueRequired":true,"valueName":"search_term_string"}}],"inLanguage":"en-US"},{"@type":"Organization","@id":"https:\/\/kaanbalsuut.mx\/#organization","name":"Kaanbal Suut","url":"https:\/\/kaanbalsuut.mx\/","logo":{"@type":"ImageObject","inLanguage":"en-US","@id":"https:\/\/kaanbalsuut.mx\/#\/schema\/logo\/image\/","url":"https:\/\/kaanbalsuut.mx\/wp-content\/uploads\/2022\/05\/cropped-cropped-header.png","contentUrl":"https:\/\/kaanbalsuut.mx\/wp-content\/uploads\/2022\/05\/cropped-cropped-header.png","width":158,"height":100,"caption":"Kaanbal Suut"},"image":{"@id":"https:\/\/kaanbalsuut.mx\/#\/schema\/logo\/image\/"}}]}},"_links":{"self":[{"href":"https:\/\/kaanbalsuut.mx\/en\/wp-json\/wp\/v2\/pages\/4079","targetHints":{"allow":["GET"]}}],"collection":[{"href":"https:\/\/kaanbalsuut.mx\/en\/wp-json\/wp\/v2\/pages"}],"about":[{"href":"https:\/\/kaanbalsuut.mx\/en\/wp-json\/wp\/v2\/types\/page"}],"author":[{"embeddable":true,"href":"https:\/\/kaanbalsuut.mx\/en\/wp-json\/wp\/v2\/users\/1"}],"replies":[{"embeddable":true,"href":"https:\/\/kaanbalsuut.mx\/en\/wp-json\/wp\/v2\/comments?post=4079"}],"version-history":[{"count":0,"href":"https:\/\/kaanbalsuut.mx\/en\/wp-json\/wp\/v2\/pages\/4079\/revisions"}],"wp:attachment":[{"href":"https:\/\/kaanbalsuut.mx\/en\/wp-json\/wp\/v2\/media?parent=4079"}],"curies":[{"name":"wp","href":"https:\/\/api.w.org\/{rel}","templated":true}]}}